{"id":75,"date":"2025-10-23T17:17:24","date_gmt":"2025-10-23T17:17:24","guid":{"rendered":"https:\/\/udruga-umirovljenika-delnice.hr\/?page_id=75"},"modified":"2025-11-07T11:54:44","modified_gmt":"2025-11-07T11:54:44","slug":"o-nama","status":"publish","type":"page","link":"https:\/\/udruga-umirovljenika-delnice.hr\/index.php\/o-nama\/","title":{"rendered":"O NAMA"},"content":{"rendered":"\t\t<div data-elementor-type=\"wp-page\" data-elementor-id=\"75\" class=\"elementor elementor-75\" data-elementor-settings=\"{&quot;ha_cmc_init_switcher&quot;:&quot;no&quot;}\">\n\t\t\t\t<div class=\"has_eae_slider elementor-element elementor-element-59bc4fa e-flex e-con-boxed wpr-particle-no wpr-jarallax-no wpr-parallax-no wpr-sticky-section-no wpr-equal-height-no e-con e-parent\" data-eae-slider=\"27912\" data-id=\"59bc4fa\" data-element_type=\"container\" data-e-type=\"container\" data-settings=\"{&quot;background_background&quot;:&quot;classic&quot;,&quot;_ha_eqh_enable&quot;:false}\">\n\t\t\t\t\t<div class=\"e-con-inner\">\n\t\t\t\t<div class=\"elementor-element elementor-element-e82ce99 animated-slow exad-sticky-section-no exad-glass-effect-no elementor-invisible elementor-widget elementor-widget-heading\" data-id=\"e82ce99\" data-element_type=\"widget\" data-e-type=\"widget\" data-settings=\"{&quot;_animation&quot;:&quot;fadeIn&quot;}\" data-widget_type=\"heading.default\">\n\t\t\t\t\t<h2 class=\"elementor-heading-title elementor-size-default\">o nama...<\/h2>\t\t\t\t<\/div>\n\t\t\t\t<div class=\"elementor-element elementor-element-fdb65c9 exad-sticky-section-no exad-glass-effect-no elementor-widget elementor-widget-spacer\" data-id=\"fdb65c9\" data-element_type=\"widget\" data-e-type=\"widget\" data-widget_type=\"spacer.default\">\n\t\t\t\t\t\t\t<div class=\"elementor-spacer\">\n\t\t\t<div class=\"elementor-spacer-inner\"><\/div>\n\t\t<\/div>\n\t\t\t\t\t\t<\/div>\n\t\t\t\t\t<\/div>\n\t\t\t\t<\/div>\n\t\t<div class=\"has_eae_slider elementor-element elementor-element-6867497 e-flex e-con-boxed wpr-particle-no wpr-jarallax-no wpr-parallax-no wpr-sticky-section-no wpr-equal-height-no e-con e-parent\" data-eae-slider=\"4443\" data-id=\"6867497\" data-element_type=\"container\" data-e-type=\"container\" data-settings=\"{&quot;_ha_eqh_enable&quot;:false}\">\n\t\t\t\t\t<div class=\"e-con-inner\">\n\t\t<div class=\"has_eae_slider elementor-element elementor-element-b836a90 e-flex e-con-boxed wpr-particle-no wpr-jarallax-no wpr-parallax-no wpr-sticky-section-no wpr-equal-height-no e-con e-child\" data-eae-slider=\"65957\" data-id=\"b836a90\" data-element_type=\"container\" data-e-type=\"container\" data-settings=\"{&quot;_ha_eqh_enable&quot;:false}\">\n\t\t\t\t\t<div class=\"e-con-inner\">\n\t\t\t\t<div class=\"elementor-element elementor-element-d0a1f48 exad-sticky-section-no exad-glass-effect-no elementor-widget elementor-widget-heading\" data-id=\"d0a1f48\" data-element_type=\"widget\" data-e-type=\"widget\" data-widget_type=\"heading.default\">\n\t\t\t\t\t<h2 class=\"elementor-heading-title elementor-size-default\">UDRUGA UMIROVLJENIKA <BR>GRADA DELNICA<\/h2>\t\t\t\t<\/div>\n\t\t<div class=\"has_eae_slider elementor-element elementor-element-52c998c e-grid e-con-full wpr-particle-no wpr-jarallax-no wpr-parallax-no wpr-sticky-section-no wpr-equal-height-no e-con e-child\" data-eae-slider=\"17117\" data-id=\"52c998c\" data-element_type=\"container\" data-e-type=\"container\" data-settings=\"{&quot;_ha_eqh_enable&quot;:false}\">\n\t\t\t\t<div class=\"elementor-element elementor-element-0200d3f exad-sticky-section-no exad-glass-effect-no elementor-widget elementor-widget-image\" data-id=\"0200d3f\" data-element_type=\"widget\" data-e-type=\"widget\" data-widget_type=\"image.default\">\n\t\t\t\t\t\t\t\t\t\t\t\t<figure class=\"wp-caption\">\n\t\t\t\t\t\t\t\t\t\t<img fetchpriority=\"high\" decoding=\"async\" width=\"239\" height=\"300\" src=\"https:\/\/udruga-umirovljenika-delnice.hr\/wp-content\/uploads\/2025\/10\/564269240_1257905186376944_1824270858446381166_n-1-239x300.jpg\" class=\"attachment-medium size-medium wp-image-324\" alt=\"\" srcset=\"https:\/\/udruga-umirovljenika-delnice.hr\/wp-content\/uploads\/2025\/10\/564269240_1257905186376944_1824270858446381166_n-1-239x300.jpg 239w, https:\/\/udruga-umirovljenika-delnice.hr\/wp-content\/uploads\/2025\/10\/564269240_1257905186376944_1824270858446381166_n-1.jpg 398w\" sizes=\"(max-width: 239px) 100vw, 239px\" \/>\t\t\t\t\t\t\t\t\t\t\t<figcaption class=\"widget-image-caption wp-caption-text\">LJUBICA VUJNOVI\u0106<BR>predsjednica<\/figcaption>\n\t\t\t\t\t\t\t\t\t\t<\/figure>\n\t\t\t\t\t\t\t\t\t<\/div>\n\t\t\t\t<div class=\"elementor-element elementor-element-6b6af67 exad-sticky-section-no exad-glass-effect-no elementor-widget elementor-widget-image\" data-id=\"6b6af67\" data-element_type=\"widget\" data-e-type=\"widget\" data-widget_type=\"image.default\">\n\t\t\t\t\t\t\t\t\t\t\t\t<figure class=\"wp-caption\">\n\t\t\t\t\t\t\t\t\t\t<img decoding=\"async\" width=\"240\" height=\"300\" src=\"https:\/\/udruga-umirovljenika-delnice.hr\/wp-content\/uploads\/2025\/10\/ZH-240x300.jpg\" class=\"attachment-medium size-medium wp-image-500\" alt=\"\" srcset=\"https:\/\/udruga-umirovljenika-delnice.hr\/wp-content\/uploads\/2025\/10\/ZH-240x300.jpg 240w, https:\/\/udruga-umirovljenika-delnice.hr\/wp-content\/uploads\/2025\/10\/ZH.jpg 400w\" sizes=\"(max-width: 240px) 100vw, 240px\" \/>\t\t\t\t\t\t\t\t\t\t\t<figcaption class=\"widget-image-caption wp-caption-text\">ZDENKO HOLENKO<BR>dopredsjednik<\/figcaption>\n\t\t\t\t\t\t\t\t\t\t<\/figure>\n\t\t\t\t\t\t\t\t\t<\/div>\n\t\t\t\t<div class=\"elementor-element elementor-element-c258135 exad-sticky-section-no exad-glass-effect-no elementor-widget elementor-widget-image\" data-id=\"c258135\" data-element_type=\"widget\" data-e-type=\"widget\" data-widget_type=\"image.default\">\n\t\t\t\t\t\t\t\t\t\t\t\t<figure class=\"wp-caption\">\n\t\t\t\t\t\t\t\t\t\t<img decoding=\"async\" width=\"240\" height=\"300\" src=\"https:\/\/udruga-umirovljenika-delnice.hr\/wp-content\/uploads\/2025\/10\/535106694_1203385541828909_6658022431346519255_n-240x300.jpg\" class=\"attachment-medium size-medium wp-image-326\" alt=\"\" srcset=\"https:\/\/udruga-umirovljenika-delnice.hr\/wp-content\/uploads\/2025\/10\/535106694_1203385541828909_6658022431346519255_n-240x300.jpg 240w, https:\/\/udruga-umirovljenika-delnice.hr\/wp-content\/uploads\/2025\/10\/535106694_1203385541828909_6658022431346519255_n.jpg 400w\" sizes=\"(max-width: 240px) 100vw, 240px\" \/>\t\t\t\t\t\t\t\t\t\t\t<figcaption class=\"widget-image-caption wp-caption-text\">ZDENKA MIHEL\u010cI\u010c<BR>tajnica<\/figcaption>\n\t\t\t\t\t\t\t\t\t\t<\/figure>\n\t\t\t\t\t\t\t\t\t<\/div>\n\t\t\t\t<\/div>\n\t\t\t\t<div class=\"elementor-element elementor-element-190c61b exad-sticky-section-no exad-glass-effect-no elementor-widget elementor-widget-text-editor\" data-id=\"190c61b\" data-element_type=\"widget\" data-e-type=\"widget\" data-widget_type=\"text-editor.default\">\n\t\t\t\t\t\t\t\t\t<p>Predsjednik, dopredsjednik i tajnik su po funkciji \u010dlanovi Izvr\u0161nog odbora udruge, sukladno \u010dlanku 17. Statuta.<\/p>\t\t\t\t\t\t\t\t<\/div>\n\t\t<div class=\"has_eae_slider elementor-element elementor-element-44efb9e e-grid e-con-full wpr-particle-no wpr-jarallax-no wpr-parallax-no wpr-sticky-section-no wpr-equal-height-no e-con e-child\" data-eae-slider=\"61104\" data-id=\"44efb9e\" data-element_type=\"container\" data-e-type=\"container\" data-settings=\"{&quot;_ha_eqh_enable&quot;:false}\">\n\t\t\t\t<div class=\"elementor-element elementor-element-2b2fa68 exad-sticky-section-no exad-glass-effect-no elementor-widget elementor-widget-text-editor\" data-id=\"2b2fa68\" data-element_type=\"widget\" data-e-type=\"widget\" data-widget_type=\"text-editor.default\">\n\t\t\t\t\t\t\t\t\t<h5>IZVR\u0160NI ODBOR<\/h5><div>Ljubica Vujnovi\u0107<\/div><div>Zdenko Holenko<\/div><div>Zdenka Mihel\u010di\u0107<\/div><div>Josip Bri\u0161ki<\/div><div>Ljubica Lisac\u00a0<\/div><div>Antun \u0160timac<\/div><div>Viktor \u0160por\u010di\u0107<\/div><div>\u017deljka \u010cutura<\/div><div>Mladen Colnar<\/div><div>Silvana Jane\u0161<\/div><div>Zorica Lenac<\/div><div>Jelka Busnov<\/div><div>Edmond Bejakovi\u0107<\/div>\t\t\t\t\t\t\t\t<\/div>\n\t\t\t\t<div class=\"elementor-element elementor-element-c8e3ed0 exad-sticky-section-no exad-glass-effect-no elementor-widget elementor-widget-text-editor\" data-id=\"c8e3ed0\" data-element_type=\"widget\" data-e-type=\"widget\" data-widget_type=\"text-editor.default\">\n\t\t\t\t\t\t\t\t\t<h5>NADZORNI ODBOR\u00a0 \u00a0<\/h5><div>Branko Petranovi\u0107<\/div><div>Jolanda Grguri\u0107<\/div><div>Darko Kolenc<\/div>\t\t\t\t\t\t\t\t<\/div>\n\t\t\t\t<\/div>\n\t\t\t\t<div class=\"elementor-element elementor-element-2c7847f exad-sticky-section-no exad-glass-effect-no elementor-widget elementor-widget-text-editor\" data-id=\"2c7847f\" data-element_type=\"widget\" data-e-type=\"widget\" data-widget_type=\"text-editor.default\">\n\t\t\t\t\t\t\t\t\t<p>Izborna skup\u0161tina Udruge umirovljenika Grada Delnice odr\u017eana je u Delnicama, u Radni\u010dkom domu, \u00a05. lipnja 2025. godine<\/p>\t\t\t\t\t\t\t\t<\/div>\n\t\t\t\t\t<\/div>\n\t\t\t\t<\/div>\n\t\t<div class=\"has_eae_slider elementor-element elementor-element-bf7a84c e-con-full e-flex wpr-particle-no wpr-jarallax-no wpr-parallax-no wpr-sticky-section-no wpr-equal-height-no e-con e-child\" data-eae-slider=\"32971\" data-id=\"bf7a84c\" data-element_type=\"container\" data-e-type=\"container\" data-settings=\"{&quot;_ha_eqh_enable&quot;:false}\">\n\t\t<div class=\"has_eae_slider elementor-element elementor-element-eebe098 e-con-full e-flex wpr-particle-no wpr-jarallax-no wpr-parallax-no wpr-sticky-section-no wpr-equal-height-no e-con e-child\" data-eae-slider=\"97195\" data-id=\"eebe098\" data-element_type=\"container\" data-e-type=\"container\" data-settings=\"{&quot;background_background&quot;:&quot;classic&quot;,&quot;_ha_eqh_enable&quot;:false}\">\n\t\t<div class=\"has_eae_slider elementor-element elementor-element-0d9d7a4 e-con-full e-flex wpr-particle-no wpr-jarallax-no wpr-parallax-no wpr-sticky-section-no wpr-equal-height-no e-con e-child\" data-eae-slider=\"72120\" data-id=\"0d9d7a4\" data-element_type=\"container\" data-e-type=\"container\" data-settings=\"{&quot;_ha_eqh_enable&quot;:false}\">\n\t\t\t\t<div class=\"elementor-element elementor-element-2ef6fe6 exad-sticky-section-no exad-glass-effect-no elementor-widget elementor-widget-image\" data-id=\"2ef6fe6\" data-element_type=\"widget\" data-e-type=\"widget\" data-widget_type=\"image.default\">\n\t\t\t\t\t\t\t\t\t\t\t\t\t\t\t<img loading=\"lazy\" decoding=\"async\" width=\"300\" height=\"185\" src=\"https:\/\/udruga-umirovljenika-delnice.hr\/wp-content\/uploads\/2025\/10\/KONTAKT-1-e1761468631361-300x185.jpg\" class=\"attachment-medium size-medium wp-image-240\" alt=\"\" srcset=\"https:\/\/udruga-umirovljenika-delnice.hr\/wp-content\/uploads\/2025\/10\/KONTAKT-1-e1761468631361-300x185.jpg 300w, https:\/\/udruga-umirovljenika-delnice.hr\/wp-content\/uploads\/2025\/10\/KONTAKT-1-e1761468631361-768x475.jpg 768w, https:\/\/udruga-umirovljenika-delnice.hr\/wp-content\/uploads\/2025\/10\/KONTAKT-1-e1761468631361.jpg 874w\" sizes=\"(max-width: 300px) 100vw, 300px\" \/>\t\t\t\t\t\t\t\t\t\t\t\t\t\t\t<\/div>\n\t\t\t\t<\/div>\n\t\t<div class=\"has_eae_slider elementor-element elementor-element-c426a2e e-con-full e-flex wpr-particle-no wpr-jarallax-no wpr-parallax-no wpr-sticky-section-no wpr-equal-height-no e-con e-child\" data-eae-slider=\"18531\" data-id=\"c426a2e\" data-element_type=\"container\" data-e-type=\"container\" data-settings=\"{&quot;_ha_eqh_enable&quot;:false}\">\n\t\t\t\t<div class=\"elementor-element elementor-element-9ab5ea5 exad-sticky-section-no exad-glass-effect-no elementor-widget elementor-widget-heading\" data-id=\"9ab5ea5\" data-element_type=\"widget\" data-e-type=\"widget\" data-widget_type=\"heading.default\">\n\t\t\t\t\t<h2 class=\"elementor-heading-title elementor-size-default\">KONTAKT<\/h2>\t\t\t\t<\/div>\n\t\t\t\t<div class=\"elementor-element elementor-element-45567cc exad-sticky-section-no exad-glass-effect-no elementor-widget elementor-widget-text-editor\" data-id=\"45567cc\" data-element_type=\"widget\" data-e-type=\"widget\" data-widget_type=\"text-editor.default\">\n\t\t\t\t\t\t\t\t\t<p>\u0160kolska 9, Delnice 51 300<\/p><p><a href=\"mailto:udrugaumirovljenikadelnice@gmail.com\">udrugaumirovljenikadelnice@gmail.com<\/a><\/p><p>mob. 095 371 6774<\/p><p>tel. 051 811 620<\/p>\t\t\t\t\t\t\t\t<\/div>\n\t\t\t\t<\/div>\n\t\t\t\t<\/div>\n\t\t\t\t<div class=\"elementor-element elementor-element-7b73aa5 exad-sticky-section-no exad-glass-effect-no elementor-widget elementor-widget-text-editor\" data-id=\"7b73aa5\" data-element_type=\"widget\" data-e-type=\"widget\" data-widget_type=\"text-editor.default\">\n\t\t\t\t\t\t\t\t\t<p>Udruga umirovljenika grada Delnica osnovana je 17.01.1955. godine sa ciljem za\u0161tite i promicanja ljudskih prava gra\u0111ana starije \u017eivotne dobi \u2013 umirovljenika, pobolj\u0161anja njihovog polo\u017eaja u zajednici i njihovog aktivnog uklju\u010divanja u dru\u0161tveni \u017eivot.<\/p>\t\t\t\t\t\t\t\t<\/div>\n\t\t\t\t<div class=\"elementor-element elementor-element-4fc54e0 exad-sticky-section-no exad-glass-effect-no elementor-widget elementor-widget-text-editor\" data-id=\"4fc54e0\" data-element_type=\"widget\" data-e-type=\"widget\" data-widget_type=\"text-editor.default\">\n\t\t\t\t\t\t\t\t\t<p>Ciljevi djelovanja udruge ostvaruju se kroz slijede\u0107e djelatnosti:<\/p><ul><li>za\u0161tita ljudskih prava gra\u0111ana starije \u017eivotne dobi-umirovljenika; promicanje i razvoj volonterstva;<\/li><li>pra\u0107enje i analiza materijalnog i socijalnog polo\u017eaja umirovljenika, te predlaganje organima lokalne samouprave mjere za pobolj\u0161anje stanja; posve\u0107ivanje posebne brige starim, bolesnim i nemo\u0107nim osobama;<\/li><li>organizacija kulturno-zabavnih i sportsko-rekreativnih sadr\u017eaja i izleta za svoje \u010dlanove, te u tom smislu pripremanje i poslu\u017eivanje napitaka, pi\u0107a i jela za \u010dlanove, sukladno posebnim propisima;<\/li><li>razvijanje prijateljstva i solidarnosti me\u0111u umirovljenicima, te poticanje primjene na\u010dela solidarnosti i uzajamnosti u pru\u017eanju pomo\u0107i;<\/li><li>suradnja i razvijanje prijateljskih odnosa s umirovljenicima izvan podru\u010dja Grada Delnica; suradnja sa svim subjektima u dru\u0161tvenoj zajednici koji mogu doprinositi ostvarenju ciljeva i zadataka Udruge;<\/li><li>vo\u0111enje brige o obnovi i pove\u0107anju broja \u010dlanova;<\/li><li>obavljanje drugih djelatnosti koje doprinose ostvarivanju ciljeva utvr\u0111enih statutom sukladno Zakonu o udrugama i drugim posebnim propisima.<\/li><\/ul>\t\t\t\t\t\t\t\t<\/div>\n\t\t<div class=\"has_eae_slider elementor-element elementor-element-727ae36 e-grid e-con-full wpr-particle-no wpr-jarallax-no wpr-parallax-no wpr-sticky-section-no wpr-equal-height-no e-con e-child\" data-eae-slider=\"78956\" data-id=\"727ae36\" data-element_type=\"container\" data-e-type=\"container\" id=\"DOCS\" data-settings=\"{&quot;_ha_eqh_enable&quot;:false}\">\n\t\t\t\t<div class=\"elementor-element elementor-element-afa3245 elementor-view-stacked elementor-shape-circle elementor-position-block-start elementor-mobile-position-block-start exad-sticky-section-no exad-glass-effect-no elementor-widget elementor-widget-icon-box\" data-id=\"afa3245\" data-element_type=\"widget\" data-e-type=\"widget\" data-widget_type=\"icon-box.default\">\n\t\t\t\t\t\t\t<div class=\"elementor-icon-box-wrapper\">\n\n\t\t\t\t\t\t<div class=\"elementor-icon-box-icon\">\n\t\t\t\t<a href=\"https:\/\/udruga-umirovljenika-delnice.hr\/..\/2025\/STATUT%20-%202015-05-15.pdf\" class=\"elementor-icon\" tabindex=\"-1\" aria-label=\"STATUT 2015\">\n\t\t\t\t<i aria-hidden=\"true\" class=\"icon icon-document\"><\/i>\t\t\t\t<\/a>\n\t\t\t<\/div>\n\t\t\t\n\t\t\t\t\t\t<div class=\"elementor-icon-box-content\">\n\n\t\t\t\t\t\t\t\t\t<h3 class=\"elementor-icon-box-title\">\n\t\t\t\t\t\t<a href=\"https:\/\/udruga-umirovljenika-delnice.hr\/..\/2025\/STATUT%20-%202015-05-15.pdf\" >\n\t\t\t\t\t\t\tSTATUT 2015\t\t\t\t\t\t<\/a>\n\t\t\t\t\t<\/h3>\n\t\t\t\t\n\t\t\t\t\n\t\t\t<\/div>\n\t\t\t\n\t\t<\/div>\n\t\t\t\t\t\t<\/div>\n\t\t\t\t<div class=\"elementor-element elementor-element-07ef705 elementor-view-stacked elementor-shape-circle elementor-position-block-start elementor-mobile-position-block-start exad-sticky-section-no exad-glass-effect-no elementor-widget elementor-widget-icon-box\" data-id=\"07ef705\" data-element_type=\"widget\" data-e-type=\"widget\" data-widget_type=\"icon-box.default\">\n\t\t\t\t\t\t\t<div class=\"elementor-icon-box-wrapper\">\n\n\t\t\t\t\t\t<div class=\"elementor-icon-box-icon\">\n\t\t\t\t<a href=\"https:\/\/udruga-umirovljenika-delnice.hr\/..\/2025\/STATUT%20-%202022-05-19%20IZMJENE%20I%20DOPUNE.pdf\" class=\"elementor-icon\" tabindex=\"-1\" aria-label=\"IZMJENE I DOPUNE STATUTA 2022.\">\n\t\t\t\t<i aria-hidden=\"true\" class=\"icon icon-document\"><\/i>\t\t\t\t<\/a>\n\t\t\t<\/div>\n\t\t\t\n\t\t\t\t\t\t<div class=\"elementor-icon-box-content\">\n\n\t\t\t\t\t\t\t\t\t<h3 class=\"elementor-icon-box-title\">\n\t\t\t\t\t\t<a href=\"https:\/\/udruga-umirovljenika-delnice.hr\/..\/2025\/STATUT%20-%202022-05-19%20IZMJENE%20I%20DOPUNE.pdf\" >\n\t\t\t\t\t\t\tIZMJENE I DOPUNE STATUTA 2022.\t\t\t\t\t\t<\/a>\n\t\t\t\t\t<\/h3>\n\t\t\t\t\n\t\t\t\t\n\t\t\t<\/div>\n\t\t\t\n\t\t<\/div>\n\t\t\t\t\t\t<\/div>\n\t\t\t\t<div class=\"elementor-element elementor-element-f1462f5 elementor-view-stacked elementor-shape-circle elementor-position-block-start elementor-mobile-position-block-start exad-sticky-section-no exad-glass-effect-no elementor-widget elementor-widget-icon-box\" data-id=\"f1462f5\" data-element_type=\"widget\" data-e-type=\"widget\" data-widget_type=\"icon-box.default\">\n\t\t\t\t\t\t\t<div class=\"elementor-icon-box-wrapper\">\n\n\t\t\t\t\t\t<div class=\"elementor-icon-box-icon\">\n\t\t\t\t<a href=\"https:\/\/udruga-umirovljenika-delnice.hr\/..\/2025\/IZBORNA%20SKUP\u0160TINA-2025.pdf\" class=\"elementor-icon\" tabindex=\"-1\" aria-label=\"IZBORNA SKUP\u0160TINA 2025.\">\n\t\t\t\t<i aria-hidden=\"true\" class=\"icon icon-document\"><\/i>\t\t\t\t<\/a>\n\t\t\t<\/div>\n\t\t\t\n\t\t\t\t\t\t<div class=\"elementor-icon-box-content\">\n\n\t\t\t\t\t\t\t\t\t<h3 class=\"elementor-icon-box-title\">\n\t\t\t\t\t\t<a href=\"https:\/\/udruga-umirovljenika-delnice.hr\/..\/2025\/IZBORNA%20SKUP\u0160TINA-2025.pdf\" >\n\t\t\t\t\t\t\tIZBORNA SKUP\u0160TINA 2025.\t\t\t\t\t\t<\/a>\n\t\t\t\t\t<\/h3>\n\t\t\t\t\n\t\t\t\t\t\t\t\t\t<p class=\"elementor-icon-box-description\">\n\t\t\t\t\t\tZAPISNIK\t\t\t\t\t<\/p>\n\t\t\t\t\n\t\t\t<\/div>\n\t\t\t\n\t\t<\/div>\n\t\t\t\t\t\t<\/div>\n\t\t\t\t<\/div>\n\t\t\t\t<\/div>\n\t\t\t\t\t<\/div>\n\t\t\t\t<\/div>\n\t\t\t\t<\/div>\n\t\t","protected":false},"excerpt":{"rendered":"<p>o nama&#8230; UDRUGA UMIROVLJENIKA GRADA DELNICA LJUBICA VUJNOVI\u0106predsjednica ZDENKO HOLENKOdopredsjednik ZDENKA MIHEL\u010cI\u010ctajnica Predsjednik, dopredsjednik i tajnik su po funkciji \u010dlanovi Izvr\u0161nog odbora udruge, sukladno \u010dlanku 17. Statuta. IZVR\u0160NI ODBOR Ljubica Vujnovi\u0107Zdenko HolenkoZdenka Mihel\u010di\u0107Josip Bri\u0161kiLjubica Lisac\u00a0Antun \u0160timacViktor \u0160por\u010di\u0107\u017deljka \u010cuturaMladen ColnarSilvana Jane\u0161Zorica LenacJelka BusnovEdmond Bejakovi\u0107 NADZORNI ODBOR\u00a0 \u00a0 Branko Petranovi\u0107Jolanda Grguri\u0107Darko Kolenc Izborna skup\u0161tina Udruge umirovljenika Grada Delnice odr\u017eana je u Delnicama, u Radni\u010dkom domu, \u00a05. lipnja 2025. godine KONTAKT \u0160kolska 9, Delnice 51 300 udrugaumirovljenikadelnice@gmail.com mob. 095 371 6774 tel. 051 811 620 Udruga umirovljenika grada Delnica osnovana je 17.01.1955. godine sa ciljem za\u0161tite i promicanja ljudskih prava gra\u0111ana starije \u017eivotne dobi \u2013 umirovljenika, pobolj\u0161anja njihovog polo\u017eaja u zajednici i njihovog aktivnog uklju\u010divanja u dru\u0161tveni \u017eivot. Ciljevi djelovanja udruge ostvaruju se kroz slijede\u0107e djelatnosti: za\u0161tita ljudskih prava gra\u0111ana starije \u017eivotne dobi-umirovljenika; promicanje i razvoj volonterstva; pra\u0107enje i analiza materijalnog i socijalnog polo\u017eaja umirovljenika, te predlaganje organima lokalne samouprave mjere za pobolj\u0161anje stanja; posve\u0107ivanje posebne brige starim, bolesnim i nemo\u0107nim osobama; organizacija kulturno-zabavnih i sportsko-rekreativnih sadr\u017eaja i izleta za svoje \u010dlanove, te u tom smislu pripremanje i poslu\u017eivanje napitaka, pi\u0107a i jela za \u010dlanove, sukladno posebnim propisima; razvijanje prijateljstva i solidarnosti me\u0111u umirovljenicima, te poticanje primjene na\u010dela solidarnosti i uzajamnosti u pru\u017eanju pomo\u0107i; suradnja i razvijanje prijateljskih odnosa s umirovljenicima izvan podru\u010dja Grada Delnica; suradnja sa svim subjektima u dru\u0161tvenoj zajednici koji mogu doprinositi ostvarenju ciljeva i zadataka Udruge; vo\u0111enje brige o obnovi i pove\u0107anju broja \u010dlanova; obavljanje drugih djelatnosti koje doprinose ostvarivanju ciljeva utvr\u0111enih statutom sukladno Zakonu o udrugama i drugim posebnim propisima. STATUT 2015 IZMJENE I DOPUNE STATUTA 2022. IZBORNA SKUP\u0160TINA 2025. ZAPISNIK<\/p>\n","protected":false},"author":1,"featured_media":0,"parent":0,"menu_order":0,"comment_status":"closed","ping_status":"closed","template":"elementor_header_footer","meta":{"footnotes":""},"class_list":["post-75","page","type-page","status-publish","hentry"],"_links":{"self":[{"href":"https:\/\/udruga-umirovljenika-delnice.hr\/index.php\/wp-json\/wp\/v2\/pages\/75","targetHints":{"allow":["GET"]}}],"collection":[{"href":"https:\/\/udruga-umirovljenika-delnice.hr\/index.php\/wp-json\/wp\/v2\/pages"}],"about":[{"href":"https:\/\/udruga-umirovljenika-delnice.hr\/index.php\/wp-json\/wp\/v2\/types\/page"}],"author":[{"embeddable":true,"href":"https:\/\/udruga-umirovljenika-delnice.hr\/index.php\/wp-json\/wp\/v2\/users\/1"}],"replies":[{"embeddable":true,"href":"https:\/\/udruga-umirovljenika-delnice.hr\/index.php\/wp-json\/wp\/v2\/comments?post=75"}],"version-history":[{"count":78,"href":"https:\/\/udruga-umirovljenika-delnice.hr\/index.php\/wp-json\/wp\/v2\/pages\/75\/revisions"}],"predecessor-version":[{"id":1184,"href":"https:\/\/udruga-umirovljenika-delnice.hr\/index.php\/wp-json\/wp\/v2\/pages\/75\/revisions\/1184"}],"wp:attachment":[{"href":"https:\/\/udruga-umirovljenika-delnice.hr\/index.php\/wp-json\/wp\/v2\/media?parent=75"}],"curies":[{"name":"wp","href":"https:\/\/api.w.org\/{rel}","templated":true}]}}