{"id":58,"date":"2025-10-23T17:00:00","date_gmt":"2025-10-23T17:00:00","guid":{"rendered":"https:\/\/udruga-umirovljenika-delnice.hr\/?page_id=58"},"modified":"2025-11-04T13:24:50","modified_gmt":"2025-11-04T13:24:50","slug":"nase-teme","status":"publish","type":"page","link":"https:\/\/udruga-umirovljenika-delnice.hr\/index.php\/nase-teme\/","title":{"rendered":"NA\u0160E  RADIONICE"},"content":{"rendered":"\t\t<div data-elementor-type=\"wp-page\" data-elementor-id=\"58\" class=\"elementor elementor-58\" data-elementor-settings=\"{&quot;ha_cmc_init_switcher&quot;:&quot;no&quot;}\">\n\t\t\t\t<div class=\"has_eae_slider elementor-element elementor-element-59bc4fa e-flex e-con-boxed wpr-particle-no wpr-jarallax-no wpr-parallax-no wpr-sticky-section-no wpr-equal-height-no e-con e-parent\" data-eae-slider=\"20892\" data-id=\"59bc4fa\" data-element_type=\"container\" data-e-type=\"container\" data-settings=\"{&quot;background_background&quot;:&quot;classic&quot;,&quot;_ha_eqh_enable&quot;:false}\">\n\t\t\t\t\t<div class=\"e-con-inner\">\n\t\t\t\t<div class=\"elementor-element elementor-element-e82ce99 exad-sticky-section-no exad-glass-effect-no elementor-invisible elementor-widget elementor-widget-heading\" data-id=\"e82ce99\" data-element_type=\"widget\" data-e-type=\"widget\" data-settings=\"{&quot;_animation&quot;:&quot;fadeIn&quot;}\" data-widget_type=\"heading.default\">\n\t\t\t\t\t<h2 class=\"elementor-heading-title elementor-size-default\">kreativne radionice...<\/h2>\t\t\t\t<\/div>\n\t\t\t\t<div class=\"elementor-element elementor-element-fdb65c9 exad-sticky-section-no exad-glass-effect-no elementor-widget elementor-widget-spacer\" data-id=\"fdb65c9\" data-element_type=\"widget\" data-e-type=\"widget\" data-widget_type=\"spacer.default\">\n\t\t\t\t\t\t\t<div class=\"elementor-spacer\">\n\t\t\t<div class=\"elementor-spacer-inner\"><\/div>\n\t\t<\/div>\n\t\t\t\t\t\t<\/div>\n\t\t\t\t\t<\/div>\n\t\t\t\t<\/div>\n\t\t<div class=\"has_eae_slider elementor-element elementor-element-7516529 e-flex e-con-boxed wpr-particle-no wpr-jarallax-no wpr-parallax-no wpr-sticky-section-no wpr-equal-height-no e-con e-parent\" data-eae-slider=\"96088\" data-id=\"7516529\" data-element_type=\"container\" data-e-type=\"container\" data-settings=\"{&quot;_ha_eqh_enable&quot;:false}\">\n\t\t\t\t\t<div class=\"e-con-inner\">\n\t\t\t\t<div class=\"elementor-element elementor-element-f2b47be elementor-grid-eael-col-3 elementor-grid-tablet-eael-col-2 elementor-grid-mobile-eael-col-1 exad-sticky-section-no exad-glass-effect-no elementor-widget elementor-widget-eael-post-grid\" data-id=\"f2b47be\" data-element_type=\"widget\" data-e-type=\"widget\" data-settings=\"{&quot;eael_post_grid_columns&quot;:&quot;eael-col-3&quot;,&quot;eael_post_grid_columns_tablet&quot;:&quot;eael-col-2&quot;,&quot;eael_post_grid_columns_mobile&quot;:&quot;eael-col-1&quot;}\" data-widget_type=\"eael-post-grid.default\">\n\t\t\t\t\t<div id=\"eael-post-grid-f2b47be\" class=\"eael-post-grid-container\">\n            <div class=\"eael-post-grid eael-post-appender eael-post-appender-f2b47be eael-post-grid-style-one\" data-layout-mode=\"grid\"><article class=\"eael-grid-post  eael-post-grid-column eael-pg-post-1873 category-najave-i-novosti-nase-radionice\" data-id=\"1873\">\n        <div class=\"eael-grid-post-holder\">\n            <div class=\"eael-grid-post-holder-inner\"><div class=\"eael-entry-media\"><div class=\"eael-entry-overlay fade-in\"><i class=\"\" aria-hidden=\"true\"><\/i><a href=\"https:\/\/udruga-umirovljenika-delnice.hr\/index.php\/2026\/03\/21\/edukacija-med-pomagala-i-njihova-vaznost-u-svakodnevnom-zivotu\/\"><\/a><\/div><div class=\"eael-entry-thumbnail \">\n                <img fetchpriority=\"high\" decoding=\"async\" width=\"768\" height=\"432\" src=\"https:\/\/udruga-umirovljenika-delnice.hr\/wp-content\/uploads\/2026\/03\/Predavanje-med-oprema-20.O3.2026.-10-768x432.webp\" class=\"attachment-medium_large size-medium_large wp-image-1878\" alt=\"\" srcset=\"https:\/\/udruga-umirovljenika-delnice.hr\/wp-content\/uploads\/2026\/03\/Predavanje-med-oprema-20.O3.2026.-10-768x432.webp 768w, https:\/\/udruga-umirovljenika-delnice.hr\/wp-content\/uploads\/2026\/03\/Predavanje-med-oprema-20.O3.2026.-10-300x169.webp 300w, https:\/\/udruga-umirovljenika-delnice.hr\/wp-content\/uploads\/2026\/03\/Predavanje-med-oprema-20.O3.2026.-10-1024x576.webp 1024w, https:\/\/udruga-umirovljenika-delnice.hr\/wp-content\/uploads\/2026\/03\/Predavanje-med-oprema-20.O3.2026.-10-1536x864.webp 1536w, https:\/\/udruga-umirovljenika-delnice.hr\/wp-content\/uploads\/2026\/03\/Predavanje-med-oprema-20.O3.2026.-10.webp 1600w\" sizes=\"(max-width: 768px) 100vw, 768px\" \/>\n            <\/div>\n        <\/div><div class=\"eael-entry-wrapper\"><header class=\"eael-entry-header\"><h1 class=\"eael-entry-title\"><a class=\"eael-grid-post-link\" href=\"https:\/\/udruga-umirovljenika-delnice.hr\/index.php\/2026\/03\/21\/edukacija-med-pomagala-i-njihova-vaznost-u-svakodnevnom-zivotu\/\" title=\"EDUKACIJA: MED. POMAGALA I NJIHOVA VA\u017dNOST U SVAKODNEVNOM \u017dIVOTU\">EDUKACIJA: MED. POMAGALA I NJIHOVA VA\u017dNOST U SVAKODNEVNOM \u017dIVOTU<\/a><\/h1><\/header><div class=\"eael-entry-content\">\n                        <div class=\"eael-grid-post-excerpt\"><a href=\"https:\/\/udruga-umirovljenika-delnice.hr\/index.php\/2026\/03\/21\/edukacija-med-pomagala-i-njihova-vaznost-u-svakodnevnom-zivotu\/\" class=\"eael-post-elements-readmore-btn\">Pro\u010ditajte i pogledajte vi\u0161e...<\/a><\/div>\n                    <\/div><\/div><\/div>\n        <\/div>\n    <\/article><article class=\"eael-grid-post  eael-post-grid-column eael-pg-post-1842 category-najave-i-novosti-nase-radionice\" data-id=\"1842\">\n        <div class=\"eael-grid-post-holder\">\n            <div class=\"eael-grid-post-holder-inner\"><div class=\"eael-entry-media\"><div class=\"eael-entry-overlay fade-in\"><i class=\"\" aria-hidden=\"true\"><\/i><a href=\"https:\/\/udruga-umirovljenika-delnice.hr\/index.php\/2026\/03\/18\/vesela-uskrsna-radionica-u-udruzi-umirovljenika-grada-delnica\/\"><\/a><\/div><div class=\"eael-entry-thumbnail \">\n                <img decoding=\"async\" width=\"768\" height=\"432\" src=\"https:\/\/udruga-umirovljenika-delnice.hr\/wp-content\/uploads\/2026\/03\/Uskrsna-radionica-u-UUGD-18.O3.2026.-14-768x432.webp\" class=\"attachment-medium_large size-medium_large wp-image-1846\" alt=\"\" srcset=\"https:\/\/udruga-umirovljenika-delnice.hr\/wp-content\/uploads\/2026\/03\/Uskrsna-radionica-u-UUGD-18.O3.2026.-14-768x432.webp 768w, https:\/\/udruga-umirovljenika-delnice.hr\/wp-content\/uploads\/2026\/03\/Uskrsna-radionica-u-UUGD-18.O3.2026.-14-300x169.webp 300w, https:\/\/udruga-umirovljenika-delnice.hr\/wp-content\/uploads\/2026\/03\/Uskrsna-radionica-u-UUGD-18.O3.2026.-14-1024x576.webp 1024w, https:\/\/udruga-umirovljenika-delnice.hr\/wp-content\/uploads\/2026\/03\/Uskrsna-radionica-u-UUGD-18.O3.2026.-14-1536x864.webp 1536w, https:\/\/udruga-umirovljenika-delnice.hr\/wp-content\/uploads\/2026\/03\/Uskrsna-radionica-u-UUGD-18.O3.2026.-14.webp 1600w\" sizes=\"(max-width: 768px) 100vw, 768px\" \/>\n            <\/div>\n        <\/div><div class=\"eael-entry-wrapper\"><header class=\"eael-entry-header\"><h1 class=\"eael-entry-title\"><a class=\"eael-grid-post-link\" href=\"https:\/\/udruga-umirovljenika-delnice.hr\/index.php\/2026\/03\/18\/vesela-uskrsna-radionica-u-udruzi-umirovljenika-grada-delnica\/\" title=\"VESELA USKRSNA RADIONICA U UDRUZI UMIROVLJENIKA GRADA DELNICA\">VESELA USKRSNA RADIONICA U UDRUZI UMIROVLJENIKA GRADA DELNICA<\/a><\/h1><\/header><div class=\"eael-entry-content\">\n                        <div class=\"eael-grid-post-excerpt\"><a href=\"https:\/\/udruga-umirovljenika-delnice.hr\/index.php\/2026\/03\/18\/vesela-uskrsna-radionica-u-udruzi-umirovljenika-grada-delnica\/\" class=\"eael-post-elements-readmore-btn\">Pro\u010ditajte i pogledajte vi\u0161e...<\/a><\/div>\n                    <\/div><\/div><\/div>\n        <\/div>\n    <\/article><article class=\"eael-grid-post  eael-post-grid-column eael-pg-post-1650 category-najave-i-novosti-nase-radionice\" data-id=\"1650\">\n        <div class=\"eael-grid-post-holder\">\n            <div class=\"eael-grid-post-holder-inner\"><div class=\"eael-entry-media\"><div class=\"eael-entry-overlay fade-in\"><i class=\"\" aria-hidden=\"true\"><\/i><a href=\"https:\/\/udruga-umirovljenika-delnice.hr\/index.php\/2025\/12\/23\/advent-u-radionici-za-djecu\/\"><\/a><\/div><div class=\"eael-entry-thumbnail \">\n                <img decoding=\"async\" width=\"768\" height=\"432\" src=\"https:\/\/udruga-umirovljenika-delnice.hr\/wp-content\/uploads\/2025\/12\/ADVENTSKA-DJECJA-RADIONICA-4-768x432.jpg\" class=\"attachment-medium_large size-medium_large wp-image-1654\" alt=\"\" srcset=\"https:\/\/udruga-umirovljenika-delnice.hr\/wp-content\/uploads\/2025\/12\/ADVENTSKA-DJECJA-RADIONICA-4-768x432.jpg 768w, https:\/\/udruga-umirovljenika-delnice.hr\/wp-content\/uploads\/2025\/12\/ADVENTSKA-DJECJA-RADIONICA-4-300x169.jpg 300w, https:\/\/udruga-umirovljenika-delnice.hr\/wp-content\/uploads\/2025\/12\/ADVENTSKA-DJECJA-RADIONICA-4-1024x576.jpg 1024w, https:\/\/udruga-umirovljenika-delnice.hr\/wp-content\/uploads\/2025\/12\/ADVENTSKA-DJECJA-RADIONICA-4.jpg 1200w\" sizes=\"(max-width: 768px) 100vw, 768px\" \/>\n            <\/div>\n        <\/div><div class=\"eael-entry-wrapper\"><header class=\"eael-entry-header\"><h1 class=\"eael-entry-title\"><a class=\"eael-grid-post-link\" href=\"https:\/\/udruga-umirovljenika-delnice.hr\/index.php\/2025\/12\/23\/advent-u-radionici-za-djecu\/\" title=\"ADVENT U DJE\u010cJOJ RADIONICI\">ADVENT U DJE\u010cJOJ RADIONICI<\/a><\/h1><\/header><div class=\"eael-entry-content\">\n                        <div class=\"eael-grid-post-excerpt\"><a href=\"https:\/\/udruga-umirovljenika-delnice.hr\/index.php\/2025\/12\/23\/advent-u-radionici-za-djecu\/\" class=\"eael-post-elements-readmore-btn\">Pro\u010ditajte i pogledajte vi\u0161e...<\/a><\/div>\n                    <\/div><\/div><\/div>\n        <\/div>\n    <\/article><article class=\"eael-grid-post  eael-post-grid-column eael-pg-post-1617 category-najave-i-novosti-nase-radionice\" data-id=\"1617\">\n        <div class=\"eael-grid-post-holder\">\n            <div class=\"eael-grid-post-holder-inner\"><div class=\"eael-entry-media\"><div class=\"eael-entry-overlay fade-in\"><i class=\"\" aria-hidden=\"true\"><\/i><a href=\"https:\/\/udruga-umirovljenika-delnice.hr\/index.php\/2025\/12\/10\/bozicno-novogodisnja-radionica-u-udruzi-umirovljenika-grada-delnica\/\"><\/a><\/div><div class=\"eael-entry-thumbnail \">\n                <img loading=\"lazy\" decoding=\"async\" width=\"768\" height=\"576\" src=\"https:\/\/udruga-umirovljenika-delnice.hr\/wp-content\/uploads\/2025\/12\/bozicno-novogodisnja-radionica-u-UUGD-2025-06-1-768x576.jpg\" class=\"attachment-medium_large size-medium_large wp-image-1624\" alt=\"\" srcset=\"https:\/\/udruga-umirovljenika-delnice.hr\/wp-content\/uploads\/2025\/12\/bozicno-novogodisnja-radionica-u-UUGD-2025-06-1-768x576.jpg 768w, https:\/\/udruga-umirovljenika-delnice.hr\/wp-content\/uploads\/2025\/12\/bozicno-novogodisnja-radionica-u-UUGD-2025-06-1-300x225.jpg 300w, https:\/\/udruga-umirovljenika-delnice.hr\/wp-content\/uploads\/2025\/12\/bozicno-novogodisnja-radionica-u-UUGD-2025-06-1.jpg 1024w\" sizes=\"(max-width: 768px) 100vw, 768px\" \/>\n            <\/div>\n        <\/div><div class=\"eael-entry-wrapper\"><header class=\"eael-entry-header\"><h1 class=\"eael-entry-title\"><a class=\"eael-grid-post-link\" href=\"https:\/\/udruga-umirovljenika-delnice.hr\/index.php\/2025\/12\/10\/bozicno-novogodisnja-radionica-u-udruzi-umirovljenika-grada-delnica\/\" title=\"BO\u017dI\u0106NO &#8211; NOVOGODI\u0160NJA RADIONICA U UDRUZI UMIROVLJENIKA GRADA DELNICA\">BO\u017dI\u0106NO &#8211; NOVOGODI\u0160NJA RADIONICA U UDRUZI UMIROVLJENIKA GRADA DELNICA<\/a><\/h1><\/header><div class=\"eael-entry-content\">\n                        <div class=\"eael-grid-post-excerpt\"><a href=\"https:\/\/udruga-umirovljenika-delnice.hr\/index.php\/2025\/12\/10\/bozicno-novogodisnja-radionica-u-udruzi-umirovljenika-grada-delnica\/\" class=\"eael-post-elements-readmore-btn\">Pro\u010ditajte i pogledajte vi\u0161e...<\/a><\/div>\n                    <\/div><\/div><\/div>\n        <\/div>\n    <\/article><article class=\"eael-grid-post  eael-post-grid-column eael-pg-post-1487 category-nase-radionice\" data-id=\"1487\">\n        <div class=\"eael-grid-post-holder\">\n            <div class=\"eael-grid-post-holder-inner\"><div class=\"eael-entry-media\"><div class=\"eael-entry-overlay fade-in\"><i class=\"\" aria-hidden=\"true\"><\/i><a href=\"https:\/\/udruga-umirovljenika-delnice.hr\/index.php\/2025\/11\/13\/edukativna-radionica-7-savjeta-za-zdravo-starenje\/\"><\/a><\/div><div class=\"eael-entry-thumbnail \">\n                <img loading=\"lazy\" decoding=\"async\" width=\"768\" height=\"432\" src=\"https:\/\/udruga-umirovljenika-delnice.hr\/wp-content\/uploads\/2025\/11\/SEDAM-NAVIKA-ZA-ZDRAVO-STARENJE-5-768x432.jpg\" class=\"attachment-medium_large size-medium_large wp-image-1465\" alt=\"\" srcset=\"https:\/\/udruga-umirovljenika-delnice.hr\/wp-content\/uploads\/2025\/11\/SEDAM-NAVIKA-ZA-ZDRAVO-STARENJE-5-768x432.jpg 768w, https:\/\/udruga-umirovljenika-delnice.hr\/wp-content\/uploads\/2025\/11\/SEDAM-NAVIKA-ZA-ZDRAVO-STARENJE-5-300x169.jpg 300w, https:\/\/udruga-umirovljenika-delnice.hr\/wp-content\/uploads\/2025\/11\/SEDAM-NAVIKA-ZA-ZDRAVO-STARENJE-5-1024x576.jpg 1024w, https:\/\/udruga-umirovljenika-delnice.hr\/wp-content\/uploads\/2025\/11\/SEDAM-NAVIKA-ZA-ZDRAVO-STARENJE-5-1536x864.jpg 1536w, https:\/\/udruga-umirovljenika-delnice.hr\/wp-content\/uploads\/2025\/11\/SEDAM-NAVIKA-ZA-ZDRAVO-STARENJE-5.jpg 1600w\" sizes=\"(max-width: 768px) 100vw, 768px\" \/>\n            <\/div>\n        <\/div><div class=\"eael-entry-wrapper\"><header class=\"eael-entry-header\"><h1 class=\"eael-entry-title\"><a class=\"eael-grid-post-link\" href=\"https:\/\/udruga-umirovljenika-delnice.hr\/index.php\/2025\/11\/13\/edukativna-radionica-7-savjeta-za-zdravo-starenje\/\" title=\"EDUKATIVNA RADIONICA &#8220;7 SAVJETA ZA ZDRAVO STARENJE&#8221;\">EDUKATIVNA RADIONICA &#8220;7 SAVJETA ZA ZDRAVO STARENJE&#8221;<\/a><\/h1><\/header><div class=\"eael-entry-content\">\n                        <div class=\"eael-grid-post-excerpt\"><a href=\"https:\/\/udruga-umirovljenika-delnice.hr\/index.php\/2025\/11\/13\/edukativna-radionica-7-savjeta-za-zdravo-starenje\/\" class=\"eael-post-elements-readmore-btn\">Pro\u010ditajte i pogledajte vi\u0161e...<\/a><\/div>\n                    <\/div><\/div><\/div>\n        <\/div>\n    <\/article><article class=\"eael-grid-post  eael-post-grid-column eael-pg-post-1017 category-nase-radionice\" data-id=\"1017\">\n        <div class=\"eael-grid-post-holder\">\n            <div class=\"eael-grid-post-holder-inner\"><div class=\"eael-entry-media\"><div class=\"eael-entry-overlay fade-in\"><i class=\"\" aria-hidden=\"true\"><\/i><a href=\"https:\/\/udruga-umirovljenika-delnice.hr\/index.php\/2025\/11\/04\/edukativna-radionica-o-osteoporozi\/\"><\/a><\/div><div class=\"eael-entry-thumbnail \">\n                <img loading=\"lazy\" decoding=\"async\" width=\"768\" height=\"432\" src=\"https:\/\/udruga-umirovljenika-delnice.hr\/wp-content\/uploads\/2025\/11\/RADIONICA-OSTEOPOROZA-30.10.2025-1-768x432.jpg\" class=\"attachment-medium_large size-medium_large wp-image-1019\" alt=\"\" srcset=\"https:\/\/udruga-umirovljenika-delnice.hr\/wp-content\/uploads\/2025\/11\/RADIONICA-OSTEOPOROZA-30.10.2025-1-768x432.jpg 768w, https:\/\/udruga-umirovljenika-delnice.hr\/wp-content\/uploads\/2025\/11\/RADIONICA-OSTEOPOROZA-30.10.2025-1-300x169.jpg 300w, https:\/\/udruga-umirovljenika-delnice.hr\/wp-content\/uploads\/2025\/11\/RADIONICA-OSTEOPOROZA-30.10.2025-1-1024x576.jpg 1024w, https:\/\/udruga-umirovljenika-delnice.hr\/wp-content\/uploads\/2025\/11\/RADIONICA-OSTEOPOROZA-30.10.2025-1.jpg 1156w\" sizes=\"(max-width: 768px) 100vw, 768px\" \/>\n            <\/div>\n        <\/div><div class=\"eael-entry-wrapper\"><header class=\"eael-entry-header\"><h1 class=\"eael-entry-title\"><a class=\"eael-grid-post-link\" href=\"https:\/\/udruga-umirovljenika-delnice.hr\/index.php\/2025\/11\/04\/edukativna-radionica-o-osteoporozi\/\" title=\"EDUKATIVNA RADIONICA O OSTEOPOROZI\">EDUKATIVNA RADIONICA O OSTEOPOROZI<\/a><\/h1><\/header><div class=\"eael-entry-content\">\n                        <div class=\"eael-grid-post-excerpt\"><a href=\"https:\/\/udruga-umirovljenika-delnice.hr\/index.php\/2025\/11\/04\/edukativna-radionica-o-osteoporozi\/\" class=\"eael-post-elements-readmore-btn\">Pro\u010ditajte i pogledajte vi\u0161e...<\/a><\/div>\n                    <\/div><\/div><\/div>\n        <\/div>\n    <\/article><\/div>\n            <div class=\"clearfix\"><\/div>\n        <\/div>\t\t\t\t<\/div>\n\t\t\t\t\t<\/div>\n\t\t\t\t<\/div>\n\t\t\t\t<\/div>\n\t\t","protected":false},"excerpt":{"rendered":"<p>kreativne radionice&#8230; EDUKATIVNA RADIONICA O OSTEOPOROZI Pro\u010ditajte i pogledajte vi\u0161e&#8230;<\/p>\n","protected":false},"author":1,"featured_media":0,"parent":0,"menu_order":0,"comment_status":"closed","ping_status":"closed","template":"elementor_header_footer","meta":{"footnotes":""},"class_list":["post-58","page","type-page","status-publish","hentry"],"_links":{"self":[{"href":"https:\/\/udruga-umirovljenika-delnice.hr\/index.php\/wp-json\/wp\/v2\/pages\/58","targetHints":{"allow":["GET"]}}],"collection":[{"href":"https:\/\/udruga-umirovljenika-delnice.hr\/index.php\/wp-json\/wp\/v2\/pages"}],"about":[{"href":"https:\/\/udruga-umirovljenika-delnice.hr\/index.php\/wp-json\/wp\/v2\/types\/page"}],"author":[{"embeddable":true,"href":"https:\/\/udruga-umirovljenika-delnice.hr\/index.php\/wp-json\/wp\/v2\/users\/1"}],"replies":[{"embeddable":true,"href":"https:\/\/udruga-umirovljenika-delnice.hr\/index.php\/wp-json\/wp\/v2\/comments?post=58"}],"version-history":[{"count":36,"href":"https:\/\/udruga-umirovljenika-delnice.hr\/index.php\/wp-json\/wp\/v2\/pages\/58\/revisions"}],"predecessor-version":[{"id":1077,"href":"https:\/\/udruga-umirovljenika-delnice.hr\/index.php\/wp-json\/wp\/v2\/pages\/58\/revisions\/1077"}],"wp:attachment":[{"href":"https:\/\/udruga-umirovljenika-delnice.hr\/index.php\/wp-json\/wp\/v2\/media?parent=58"}],"curies":[{"name":"wp","href":"https:\/\/api.w.org\/{rel}","templated":true}]}}