{"id":53,"date":"2025-10-23T16:57:20","date_gmt":"2025-10-23T16:57:20","guid":{"rendered":"https:\/\/udruga-umirovljenika-delnice.hr\/?page_id=53"},"modified":"2025-11-10T08:54:55","modified_gmt":"2025-11-10T08:54:55","slug":"zdrav-zivot","status":"publish","type":"page","link":"https:\/\/udruga-umirovljenika-delnice.hr\/index.php\/zdrav-zivot\/","title":{"rendered":"ZDRAV \u017dIVOT"},"content":{"rendered":"\t\t<div data-elementor-type=\"wp-page\" data-elementor-id=\"53\" class=\"elementor elementor-53\" data-elementor-settings=\"{&quot;ha_cmc_init_switcher&quot;:&quot;no&quot;}\">\n\t\t\t\t<div class=\"has_eae_slider elementor-element elementor-element-2fe211c e-flex e-con-boxed wpr-particle-no wpr-jarallax-no wpr-parallax-no wpr-sticky-section-no wpr-equal-height-no e-con e-parent\" data-eae-slider=\"15803\" data-id=\"2fe211c\" data-element_type=\"container\" data-e-type=\"container\" data-settings=\"{&quot;background_background&quot;:&quot;classic&quot;,&quot;_ha_eqh_enable&quot;:false}\">\n\t\t\t\t\t<div class=\"e-con-inner\">\n\t\t\t\t<div class=\"elementor-element elementor-element-3c596a0 wpr-main-menu-align-center wpr-main-menu-align--tabletleft wpr-main-menu-align--mobileleft wpr-pointer-underline wpr-pointer-line-fx wpr-pointer-fx-fade wpr-sub-icon-caret-down wpr-sub-menu-fx-fade wpr-nav-menu-bp-tablet wpr-mobile-menu-display-dropdown wpr-mobile-menu-full-width wpr-mobile-toggle-v1 wpr-sub-divider-yes wpr-mobile-divider-yes exad-sticky-section-no exad-glass-effect-no elementor-widget elementor-widget-wpr-mega-menu\" data-id=\"3c596a0\" data-element_type=\"widget\" data-e-type=\"widget\" data-settings=\"{&quot;menu_layout&quot;:&quot;horizontal&quot;}\" data-widget_type=\"wpr-mega-menu.default\">\n\t\t\t\t\t<nav class=\"wpr-nav-menu-container wpr-mega-menu-container wpr-nav-menu-horizontal\" data-trigger=\"hover\"><ul id=\"menu-1-3c596a0\" class=\"wpr-nav-menu wpr-mega-menu\"><li class=\"menu-item menu-item-type-post_type menu-item-object-page menu-item-home menu-item-88\"><a href=\"https:\/\/udruga-umirovljenika-delnice.hr\/\" class=\"wpr-menu-item wpr-pointer-item\"><span>PO\u010cETNA<\/span><\/a><\/li>\n<li class=\"menu-item menu-item-type-post_type menu-item-object-page menu-item-87\"><a href=\"https:\/\/udruga-umirovljenika-delnice.hr\/index.php\/novosti\/\" class=\"wpr-menu-item wpr-pointer-item\"><span>NOVOSTI\/DOGA\u0110ANJA<\/span><\/a><\/li>\n<li class=\"menu-item menu-item-type-post_type menu-item-object-page menu-item-1050\"><a href=\"https:\/\/udruga-umirovljenika-delnice.hr\/index.php\/nase-teme\/\" class=\"wpr-menu-item wpr-pointer-item\"><span>RADIONICE<\/span><\/a><\/li>\n<li class=\"menu-item menu-item-type-post_type menu-item-object-page menu-item-1145\"><a href=\"https:\/\/udruga-umirovljenika-delnice.hr\/index.php\/rekreacija\/\" class=\"wpr-menu-item wpr-pointer-item\"><span>REKREACIJA<\/span><\/a><\/li>\n<li class=\"menu-item menu-item-type-post_type menu-item-object-page menu-item-86\"><a href=\"https:\/\/udruga-umirovljenika-delnice.hr\/index.php\/zdrav-zivot\/\" class=\"wpr-menu-item wpr-pointer-item\"><span>ZDRAV \u017dIVOT<\/span><\/a><\/li>\n<li class=\"menu-item menu-item-type-post_type menu-item-object-page menu-item-1245\"><a href=\"https:\/\/udruga-umirovljenika-delnice.hr\/index.php\/nase-teme-2\/\" class=\"wpr-menu-item wpr-pointer-item\"><span>NA\u0160E TEME<\/span><\/a><\/li>\n<li class=\"menu-item menu-item-type-post_type menu-item-object-page menu-item-1074\"><a href=\"https:\/\/udruga-umirovljenika-delnice.hr\/index.php\/nase-radionice-cloned-58\/\" class=\"wpr-menu-item wpr-pointer-item\"><span>ZBOR<\/span><\/a><\/li>\n<li class=\"menu-item menu-item-type-post_type menu-item-object-page menu-item-562\"><a href=\"https:\/\/udruga-umirovljenika-delnice.hr\/index.php\/foto-albumi\/\" class=\"wpr-menu-item wpr-pointer-item\"><span>FOTO<\/span><\/a><\/li>\n<li class=\"menu-item menu-item-type-post_type menu-item-object-page menu-item-554\"><a href=\"https:\/\/udruga-umirovljenika-delnice.hr\/index.php\/linkovi\/\" class=\"wpr-menu-item wpr-pointer-item\"><span>LINKOVI<\/span><\/a><\/li>\n<li class=\"menu-item menu-item-type-post_type menu-item-object-page menu-item-83\"><a href=\"https:\/\/udruga-umirovljenika-delnice.hr\/index.php\/o-nama\/\" class=\"wpr-menu-item wpr-pointer-item\"><span>O NAMA<\/span><\/a><\/li>\n<\/ul><\/nav><nav class=\"wpr-mobile-nav-menu-container\"><div class=\"wpr-mobile-toggle-wrap\"><div class=\"wpr-mobile-toggle\"><span class=\"wpr-mobile-toggle-line\"><\/span><span class=\"wpr-mobile-toggle-line\"><\/span><span class=\"wpr-mobile-toggle-line\"><\/span><\/div><\/div><div class=\"wpr-mobile-mega-menu-wrap \" toggle-backface=\"\"><ul id=\"mobile-menu-2-3c596a0\" class=\"wpr-mobile-nav-menu wpr-mobile-mega-menu\"><li class=\"menu-item menu-item-type-post_type menu-item-object-page menu-item-home menu-item-88\"><a href=\"https:\/\/udruga-umirovljenika-delnice.hr\/\" class=\"wpr-mobile-menu-item\">PO\u010cETNA<\/a><\/li>\n<li class=\"menu-item menu-item-type-post_type menu-item-object-page menu-item-87\"><a href=\"https:\/\/udruga-umirovljenika-delnice.hr\/index.php\/novosti\/\" class=\"wpr-mobile-menu-item\">NOVOSTI\/DOGA\u0110ANJA<\/a><\/li>\n<li class=\"menu-item menu-item-type-post_type menu-item-object-page menu-item-1050\"><a href=\"https:\/\/udruga-umirovljenika-delnice.hr\/index.php\/nase-teme\/\" class=\"wpr-mobile-menu-item\">RADIONICE<\/a><\/li>\n<li class=\"menu-item menu-item-type-post_type menu-item-object-page menu-item-1145\"><a href=\"https:\/\/udruga-umirovljenika-delnice.hr\/index.php\/rekreacija\/\" class=\"wpr-mobile-menu-item\">REKREACIJA<\/a><\/li>\n<li class=\"menu-item menu-item-type-post_type menu-item-object-page menu-item-86\"><a href=\"https:\/\/udruga-umirovljenika-delnice.hr\/index.php\/zdrav-zivot\/\" class=\"wpr-mobile-menu-item\">ZDRAV \u017dIVOT<\/a><\/li>\n<li class=\"menu-item menu-item-type-post_type menu-item-object-page menu-item-1245\"><a href=\"https:\/\/udruga-umirovljenika-delnice.hr\/index.php\/nase-teme-2\/\" class=\"wpr-mobile-menu-item\">NA\u0160E TEME<\/a><\/li>\n<li class=\"menu-item menu-item-type-post_type menu-item-object-page menu-item-1074\"><a href=\"https:\/\/udruga-umirovljenika-delnice.hr\/index.php\/nase-radionice-cloned-58\/\" class=\"wpr-mobile-menu-item\">ZBOR<\/a><\/li>\n<li class=\"menu-item menu-item-type-post_type menu-item-object-page menu-item-562\"><a href=\"https:\/\/udruga-umirovljenika-delnice.hr\/index.php\/foto-albumi\/\" class=\"wpr-mobile-menu-item\">FOTO<\/a><\/li>\n<li class=\"menu-item menu-item-type-post_type menu-item-object-page menu-item-554\"><a href=\"https:\/\/udruga-umirovljenika-delnice.hr\/index.php\/linkovi\/\" class=\"wpr-mobile-menu-item\">LINKOVI<\/a><\/li>\n<li class=\"menu-item menu-item-type-post_type menu-item-object-page menu-item-83\"><a href=\"https:\/\/udruga-umirovljenika-delnice.hr\/index.php\/o-nama\/\" class=\"wpr-mobile-menu-item\">O NAMA<\/a><\/li>\n<\/ul><\/div><\/nav>\t\t\t\t<\/div>\n\t\t\t\t\t<\/div>\n\t\t\t\t<\/div>\n\t\t<div class=\"has_eae_slider elementor-element elementor-element-59bc4fa e-flex e-con-boxed wpr-particle-no wpr-jarallax-no wpr-parallax-no wpr-sticky-section-no wpr-equal-height-no e-con e-parent\" data-eae-slider=\"42401\" data-id=\"59bc4fa\" data-element_type=\"container\" data-e-type=\"container\" data-settings=\"{&quot;background_background&quot;:&quot;classic&quot;,&quot;_ha_eqh_enable&quot;:false}\">\n\t\t\t\t\t<div class=\"e-con-inner\">\n\t\t\t\t<div class=\"elementor-element elementor-element-e82ce99 exad-sticky-section-no exad-glass-effect-no elementor-invisible elementor-widget elementor-widget-heading\" data-id=\"e82ce99\" data-element_type=\"widget\" data-e-type=\"widget\" data-settings=\"{&quot;_animation&quot;:&quot;fadeIn&quot;}\" data-widget_type=\"heading.default\">\n\t\t\t\t\t<h2 class=\"elementor-heading-title elementor-size-default\">zdrav \u017eivot<\/h2>\t\t\t\t<\/div>\n\t\t\t\t<div class=\"elementor-element elementor-element-fdb65c9 exad-sticky-section-no exad-glass-effect-no elementor-widget elementor-widget-spacer\" data-id=\"fdb65c9\" data-element_type=\"widget\" data-e-type=\"widget\" data-widget_type=\"spacer.default\">\n\t\t\t\t\t\t\t<div class=\"elementor-spacer\">\n\t\t\t<div class=\"elementor-spacer-inner\"><\/div>\n\t\t<\/div>\n\t\t\t\t\t\t<\/div>\n\t\t\t\t\t<\/div>\n\t\t\t\t<\/div>\n\t\t<div class=\"has_eae_slider elementor-element elementor-element-1ebd154 e-flex e-con-boxed wpr-particle-no wpr-jarallax-no wpr-parallax-no wpr-sticky-section-no wpr-equal-height-no e-con e-parent\" data-eae-slider=\"14062\" data-id=\"1ebd154\" data-element_type=\"container\" data-e-type=\"container\" data-settings=\"{&quot;_ha_eqh_enable&quot;:false}\">\n\t\t\t\t\t<div class=\"e-con-inner\">\n\t\t\t\t<div class=\"elementor-element elementor-element-53bebdc elementor-grid-eael-col-3 elementor-grid-tablet-eael-col-2 elementor-grid-mobile-eael-col-1 exad-sticky-section-no exad-glass-effect-no elementor-widget elementor-widget-eael-post-grid\" data-id=\"53bebdc\" data-element_type=\"widget\" data-e-type=\"widget\" data-settings=\"{&quot;eael_post_grid_columns&quot;:&quot;eael-col-3&quot;,&quot;eael_post_grid_columns_tablet&quot;:&quot;eael-col-2&quot;,&quot;eael_post_grid_columns_mobile&quot;:&quot;eael-col-1&quot;}\" data-widget_type=\"eael-post-grid.default\">\n\t\t\t\t\t<div id=\"eael-post-grid-53bebdc\" class=\"eael-post-grid-container\">\n            <div class=\"eael-post-grid eael-post-appender eael-post-appender-53bebdc eael-post-grid-style-one\" data-layout-mode=\"grid\"><article class=\"eael-grid-post  eael-post-grid-column eael-pg-post-806 category-zdrav-zivot\" data-id=\"806\">\n        <div class=\"eael-grid-post-holder\">\n            <div class=\"eael-grid-post-holder-inner\"><div class=\"eael-entry-media\"><div class=\"eael-entry-overlay fade-in\"><i class=\"\" aria-hidden=\"true\"><\/i><a href=\"https:\/\/udruga-umirovljenika-delnice.hr\/index.php\/2025\/11\/02\/kako-ostati-aktivan-u-trecoj-zivotnoj-dobi\/\"><\/a><\/div><div class=\"eael-entry-thumbnail \">\n                <img fetchpriority=\"high\" decoding=\"async\" width=\"736\" height=\"414\" src=\"https:\/\/udruga-umirovljenika-delnice.hr\/wp-content\/uploads\/2025\/11\/BITI-AKTIVAN-U-TRECOJ-ZIVOTNOJ-DOBI-De-02_11_2025-007.jpg\" class=\"attachment-medium_large size-medium_large wp-image-849\" alt=\"\" srcset=\"https:\/\/udruga-umirovljenika-delnice.hr\/wp-content\/uploads\/2025\/11\/BITI-AKTIVAN-U-TRECOJ-ZIVOTNOJ-DOBI-De-02_11_2025-007.jpg 736w, https:\/\/udruga-umirovljenika-delnice.hr\/wp-content\/uploads\/2025\/11\/BITI-AKTIVAN-U-TRECOJ-ZIVOTNOJ-DOBI-De-02_11_2025-007-300x169.jpg 300w\" sizes=\"(max-width: 736px) 100vw, 736px\" \/>\n            <\/div>\n        <\/div><div class=\"eael-entry-wrapper\"><header class=\"eael-entry-header\"><h1 class=\"eael-entry-title\"><a class=\"eael-grid-post-link\" href=\"https:\/\/udruga-umirovljenika-delnice.hr\/index.php\/2025\/11\/02\/kako-ostati-aktivan-u-trecoj-zivotnoj-dobi\/\" title=\"KAKO OSTATI AKTIVAN U TRE\u0106OJ \u017dIVOTNOJ DOBI\">KAKO OSTATI AKTIVAN U TRE\u0106OJ \u017dIVOTNOJ DOBI<\/a><\/h1><\/header><div class=\"eael-entry-content\">\n                        <div class=\"eael-grid-post-excerpt\"><a href=\"https:\/\/udruga-umirovljenika-delnice.hr\/index.php\/2025\/11\/02\/kako-ostati-aktivan-u-trecoj-zivotnoj-dobi\/\" class=\"eael-post-elements-readmore-btn\">Pro\u010ditajte i pogledajte vi\u0161e...<\/a><\/div>\n                    <\/div><\/div><\/div>\n        <\/div>\n    <\/article><article class=\"eael-grid-post  eael-post-grid-column eael-pg-post-743 category-zdrav-zivot\" data-id=\"743\">\n        <div class=\"eael-grid-post-holder\">\n            <div class=\"eael-grid-post-holder-inner\"><div class=\"eael-entry-media\"><div class=\"eael-entry-overlay fade-in\"><i class=\"\" aria-hidden=\"true\"><\/i><a href=\"https:\/\/udruga-umirovljenika-delnice.hr\/index.php\/2025\/10\/31\/iskusajte-jednu-zdravu-naviku-svaki-dan-u-tjednu\/\"><\/a><\/div><div class=\"eael-entry-thumbnail \">\n                <img decoding=\"async\" width=\"768\" height=\"432\" src=\"https:\/\/udruga-umirovljenika-delnice.hr\/wp-content\/uploads\/2025\/10\/u-prirodi-768x432.jpg\" class=\"attachment-medium_large size-medium_large wp-image-744\" alt=\"\" srcset=\"https:\/\/udruga-umirovljenika-delnice.hr\/wp-content\/uploads\/2025\/10\/u-prirodi-768x432.jpg 768w, https:\/\/udruga-umirovljenika-delnice.hr\/wp-content\/uploads\/2025\/10\/u-prirodi-300x169.jpg 300w, https:\/\/udruga-umirovljenika-delnice.hr\/wp-content\/uploads\/2025\/10\/u-prirodi-1024x576.jpg 1024w, https:\/\/udruga-umirovljenika-delnice.hr\/wp-content\/uploads\/2025\/10\/u-prirodi.jpg 1156w\" sizes=\"(max-width: 768px) 100vw, 768px\" \/>\n            <\/div>\n        <\/div><div class=\"eael-entry-wrapper\"><header class=\"eael-entry-header\"><h1 class=\"eael-entry-title\"><a class=\"eael-grid-post-link\" href=\"https:\/\/udruga-umirovljenika-delnice.hr\/index.php\/2025\/10\/31\/iskusajte-jednu-zdravu-naviku-svaki-dan-u-tjednu\/\" title=\"ISKU\u0160AJTE JEDNU ZDRAVU NAVIKU SVAKI DAN U TJEDNU\">ISKU\u0160AJTE JEDNU ZDRAVU NAVIKU SVAKI DAN U TJEDNU<\/a><\/h1><\/header><div class=\"eael-entry-content\">\n                        <div class=\"eael-grid-post-excerpt\"><a href=\"https:\/\/udruga-umirovljenika-delnice.hr\/index.php\/2025\/10\/31\/iskusajte-jednu-zdravu-naviku-svaki-dan-u-tjednu\/\" class=\"eael-post-elements-readmore-btn\">Pro\u010ditajte i pogledajte vi\u0161e...<\/a><\/div>\n                    <\/div><\/div><\/div>\n        <\/div>\n    <\/article><article class=\"eael-grid-post  eael-post-grid-column eael-pg-post-677 category-zdrav-zivot\" data-id=\"677\">\n        <div class=\"eael-grid-post-holder\">\n            <div class=\"eael-grid-post-holder-inner\"><div class=\"eael-entry-media\"><div class=\"eael-entry-overlay fade-in\"><i class=\"\" aria-hidden=\"true\"><\/i><a href=\"https:\/\/udruga-umirovljenika-delnice.hr\/index.php\/2025\/10\/31\/10-savjeta-za-zdrav-zivot\/\"><\/a><\/div><div class=\"eael-entry-thumbnail \">\n                <img decoding=\"async\" width=\"768\" height=\"432\" src=\"https:\/\/udruga-umirovljenika-delnice.hr\/wp-content\/uploads\/2025\/10\/couple-6653517-768x432.jpg\" class=\"attachment-medium_large size-medium_large wp-image-693\" alt=\"\" srcset=\"https:\/\/udruga-umirovljenika-delnice.hr\/wp-content\/uploads\/2025\/10\/couple-6653517-768x432.jpg 768w, https:\/\/udruga-umirovljenika-delnice.hr\/wp-content\/uploads\/2025\/10\/couple-6653517-300x169.jpg 300w, https:\/\/udruga-umirovljenika-delnice.hr\/wp-content\/uploads\/2025\/10\/couple-6653517-1024x576.jpg 1024w, https:\/\/udruga-umirovljenika-delnice.hr\/wp-content\/uploads\/2025\/10\/couple-6653517-1536x864.jpg 1536w, https:\/\/udruga-umirovljenika-delnice.hr\/wp-content\/uploads\/2025\/10\/couple-6653517.jpg 1600w\" sizes=\"(max-width: 768px) 100vw, 768px\" \/>\n            <\/div>\n        <\/div><div class=\"eael-entry-wrapper\"><header class=\"eael-entry-header\"><h1 class=\"eael-entry-title\"><a class=\"eael-grid-post-link\" href=\"https:\/\/udruga-umirovljenika-delnice.hr\/index.php\/2025\/10\/31\/10-savjeta-za-zdrav-zivot\/\" title=\"10 SAVJETA ZA ZDRAV \u017dIVOT\">10 SAVJETA ZA ZDRAV \u017dIVOT<\/a><\/h1><\/header><div class=\"eael-entry-content\">\n                        <div class=\"eael-grid-post-excerpt\"><a href=\"https:\/\/udruga-umirovljenika-delnice.hr\/index.php\/2025\/10\/31\/10-savjeta-za-zdrav-zivot\/\" class=\"eael-post-elements-readmore-btn\">Pro\u010ditajte i pogledajte vi\u0161e...<\/a><\/div>\n                    <\/div><\/div><\/div>\n        <\/div>\n    <\/article><article class=\"eael-grid-post  eael-post-grid-column eael-pg-post-348 category-zdrav-zivot\" data-id=\"348\">\n        <div class=\"eael-grid-post-holder\">\n            <div class=\"eael-grid-post-holder-inner\"><div class=\"eael-entry-media\"><div class=\"eael-entry-overlay fade-in\"><i class=\"\" aria-hidden=\"true\"><\/i><a href=\"https:\/\/udruga-umirovljenika-delnice.hr\/index.php\/2025\/10\/25\/hodanje-za-zdravlje-10-razloga-zasto-je-svakodnevno-pjesacenje-dobra-odluka-i-kako-krenuti\/\"><\/a><\/div><div class=\"eael-entry-thumbnail \">\n                <img loading=\"lazy\" decoding=\"async\" width=\"768\" height=\"432\" src=\"https:\/\/udruga-umirovljenika-delnice.hr\/wp-content\/uploads\/2025\/10\/hodane-za-zravlje-5-768x432.jpg\" class=\"attachment-medium_large size-medium_large wp-image-350\" alt=\"\" srcset=\"https:\/\/udruga-umirovljenika-delnice.hr\/wp-content\/uploads\/2025\/10\/hodane-za-zravlje-5-768x432.jpg 768w, https:\/\/udruga-umirovljenika-delnice.hr\/wp-content\/uploads\/2025\/10\/hodane-za-zravlje-5-300x169.jpg 300w, https:\/\/udruga-umirovljenika-delnice.hr\/wp-content\/uploads\/2025\/10\/hodane-za-zravlje-5-1024x576.jpg 1024w, https:\/\/udruga-umirovljenika-delnice.hr\/wp-content\/uploads\/2025\/10\/hodane-za-zravlje-5.jpg 1365w\" sizes=\"(max-width: 768px) 100vw, 768px\" \/>\n            <\/div>\n        <\/div><div class=\"eael-entry-wrapper\"><header class=\"eael-entry-header\"><h1 class=\"eael-entry-title\"><a class=\"eael-grid-post-link\" href=\"https:\/\/udruga-umirovljenika-delnice.hr\/index.php\/2025\/10\/25\/hodanje-za-zdravlje-10-razloga-zasto-je-svakodnevno-pjesacenje-dobra-odluka-i-kako-krenuti\/\" title=\"Hodanje za zdravlje: 10 razloga za\u0161to je svakodnevno pje\u0161a\u010denje dobra odluka i kako krenuti\">Hodanje za zdravlje: 10 razloga za\u0161to je svakodnevno pje\u0161a\u010denje dobra odluka i kako krenuti<\/a><\/h1><\/header><div class=\"eael-entry-content\">\n                        <div class=\"eael-grid-post-excerpt\"><a href=\"https:\/\/udruga-umirovljenika-delnice.hr\/index.php\/2025\/10\/25\/hodanje-za-zdravlje-10-razloga-zasto-je-svakodnevno-pjesacenje-dobra-odluka-i-kako-krenuti\/\" class=\"eael-post-elements-readmore-btn\">Pro\u010ditajte i pogledajte vi\u0161e...<\/a><\/div>\n                    <\/div><\/div><\/div>\n        <\/div>\n    <\/article><\/div>\n            <div class=\"clearfix\"><\/div>\n        <\/div>\t\t\t\t<\/div>\n\t\t\t\t\t<\/div>\n\t\t\t\t<\/div>\n\t\t\t\t<\/div>\n\t\t","protected":false},"excerpt":{"rendered":"<p>PO\u010cETNA NOVOSTI\/DOGA\u0110ANJA RADIONICE REKREACIJA ZDRAV \u017dIVOT NA\u0160E TEME ZBOR FOTO LINKOVI O NAMA PO\u010cETNA NOVOSTI\/DOGA\u0110ANJA RADIONICE REKREACIJA ZDRAV \u017dIVOT NA\u0160E TEME ZBOR FOTO LINKOVI O NAMA zdrav \u017eivot KAKO OSTATI AKTIVAN U TRE\u0106OJ \u017dIVOTNOJ DOBI Pro\u010ditajte i pogledajte vi\u0161e&#8230; ISKU\u0160AJTE JEDNU ZDRAVU NAVIKU SVAKI DAN U TJEDNU Pro\u010ditajte i pogledajte vi\u0161e&#8230; 10 SAVJETA ZA ZDRAV \u017dIVOT Pro\u010ditajte i pogledajte vi\u0161e&#8230; Hodanje za zdravlje: 10 razloga za\u0161to je svakodnevno pje\u0161a\u010denje dobra odluka i kako krenuti Pro\u010ditajte i pogledajte vi\u0161e&#8230;<\/p>\n","protected":false},"author":1,"featured_media":0,"parent":0,"menu_order":0,"comment_status":"closed","ping_status":"closed","template":"elementor_canvas","meta":{"footnotes":""},"class_list":["post-53","page","type-page","status-publish","hentry"],"_links":{"self":[{"href":"https:\/\/udruga-umirovljenika-delnice.hr\/index.php\/wp-json\/wp\/v2\/pages\/53","targetHints":{"allow":["GET"]}}],"collection":[{"href":"https:\/\/udruga-umirovljenika-delnice.hr\/index.php\/wp-json\/wp\/v2\/pages"}],"about":[{"href":"https:\/\/udruga-umirovljenika-delnice.hr\/index.php\/wp-json\/wp\/v2\/types\/page"}],"author":[{"embeddable":true,"href":"https:\/\/udruga-umirovljenika-delnice.hr\/index.php\/wp-json\/wp\/v2\/users\/1"}],"replies":[{"embeddable":true,"href":"https:\/\/udruga-umirovljenika-delnice.hr\/index.php\/wp-json\/wp\/v2\/comments?post=53"}],"version-history":[{"count":54,"href":"https:\/\/udruga-umirovljenika-delnice.hr\/index.php\/wp-json\/wp\/v2\/pages\/53\/revisions"}],"predecessor-version":[{"id":1391,"href":"https:\/\/udruga-umirovljenika-delnice.hr\/index.php\/wp-json\/wp\/v2\/pages\/53\/revisions\/1391"}],"wp:attachment":[{"href":"https:\/\/udruga-umirovljenika-delnice.hr\/index.php\/wp-json\/wp\/v2\/media?parent=53"}],"curies":[{"name":"wp","href":"https:\/\/api.w.org\/{rel}","templated":true}]}}