{"id":1140,"date":"2025-11-07T06:45:20","date_gmt":"2025-11-07T06:45:20","guid":{"rendered":"https:\/\/udruga-umirovljenika-delnice.hr\/?page_id=1140"},"modified":"2025-11-07T08:36:25","modified_gmt":"2025-11-07T08:36:25","slug":"rekreacija","status":"publish","type":"page","link":"https:\/\/udruga-umirovljenika-delnice.hr\/index.php\/rekreacija\/","title":{"rendered":"REKREACIJA"},"content":{"rendered":"\t\t<div data-elementor-type=\"wp-page\" data-elementor-id=\"1140\" class=\"elementor elementor-1140\" data-elementor-settings=\"{&quot;ha_cmc_init_switcher&quot;:&quot;no&quot;}\">\n\t\t\t\t<div class=\"has_eae_slider elementor-element elementor-element-cc8bb17 e-flex e-con-boxed wpr-particle-no wpr-jarallax-no wpr-parallax-no wpr-sticky-section-no wpr-equal-height-no e-con e-parent\" data-eae-slider=\"7747\" data-id=\"cc8bb17\" data-element_type=\"container\" data-e-type=\"container\" data-settings=\"{&quot;_ha_eqh_enable&quot;:false}\">\n\t\t\t\t\t<div class=\"e-con-inner\">\n\t\t\t\t<div class=\"elementor-element elementor-element-e249fc8 wpr-main-menu-align-left wpr-main-menu-align--tabletleft wpr-main-menu-align--mobileleft wpr-pointer-underline wpr-pointer-line-fx wpr-pointer-fx-fade wpr-sub-icon-caret-down wpr-sub-menu-fx-fade wpr-nav-menu-bp-tablet wpr-mobile-menu-display-dropdown wpr-mobile-menu-full-width wpr-mobile-toggle-v1 wpr-sub-divider-yes wpr-mobile-divider-yes exad-sticky-section-no exad-glass-effect-no elementor-widget elementor-widget-wpr-mega-menu\" data-id=\"e249fc8\" data-element_type=\"widget\" data-e-type=\"widget\" data-settings=\"{&quot;menu_layout&quot;:&quot;horizontal&quot;}\" data-widget_type=\"wpr-mega-menu.default\">\n\t\t\t\t\t<nav class=\"wpr-nav-menu-container wpr-mega-menu-container wpr-nav-menu-horizontal\" data-trigger=\"hover\"><ul id=\"menu-1-e249fc8\" class=\"wpr-nav-menu wpr-mega-menu\"><li class=\"menu-item menu-item-type-post_type menu-item-object-page menu-item-home menu-item-88\"><a href=\"https:\/\/udruga-umirovljenika-delnice.hr\/\" class=\"wpr-menu-item wpr-pointer-item\"><span>PO\u010cETNA<\/span><\/a><\/li>\n<li class=\"menu-item menu-item-type-post_type menu-item-object-page menu-item-87\"><a href=\"https:\/\/udruga-umirovljenika-delnice.hr\/index.php\/novosti\/\" class=\"wpr-menu-item wpr-pointer-item\"><span>NOVOSTI\/DOGA\u0110ANJA<\/span><\/a><\/li>\n<li class=\"menu-item menu-item-type-post_type menu-item-object-page menu-item-1050\"><a href=\"https:\/\/udruga-umirovljenika-delnice.hr\/index.php\/nase-teme\/\" class=\"wpr-menu-item wpr-pointer-item\"><span>RADIONICE<\/span><\/a><\/li>\n<li class=\"menu-item menu-item-type-post_type menu-item-object-page menu-item-1145\"><a href=\"https:\/\/udruga-umirovljenika-delnice.hr\/index.php\/rekreacija\/\" class=\"wpr-menu-item wpr-pointer-item\"><span>REKREACIJA<\/span><\/a><\/li>\n<li class=\"menu-item menu-item-type-post_type menu-item-object-page menu-item-86\"><a href=\"https:\/\/udruga-umirovljenika-delnice.hr\/index.php\/zdrav-zivot\/\" class=\"wpr-menu-item wpr-pointer-item\"><span>ZDRAV \u017dIVOT<\/span><\/a><\/li>\n<li class=\"menu-item menu-item-type-post_type menu-item-object-page menu-item-1245\"><a href=\"https:\/\/udruga-umirovljenika-delnice.hr\/index.php\/nase-teme-2\/\" class=\"wpr-menu-item wpr-pointer-item\"><span>NA\u0160E TEME<\/span><\/a><\/li>\n<li class=\"menu-item menu-item-type-post_type menu-item-object-page menu-item-1074\"><a href=\"https:\/\/udruga-umirovljenika-delnice.hr\/index.php\/nase-radionice-cloned-58\/\" class=\"wpr-menu-item wpr-pointer-item\"><span>ZBOR<\/span><\/a><\/li>\n<li class=\"menu-item menu-item-type-post_type menu-item-object-page menu-item-562\"><a href=\"https:\/\/udruga-umirovljenika-delnice.hr\/index.php\/foto-albumi\/\" class=\"wpr-menu-item wpr-pointer-item\"><span>FOTO<\/span><\/a><\/li>\n<li class=\"menu-item menu-item-type-post_type menu-item-object-page menu-item-554\"><a href=\"https:\/\/udruga-umirovljenika-delnice.hr\/index.php\/linkovi\/\" class=\"wpr-menu-item wpr-pointer-item\"><span>LINKOVI<\/span><\/a><\/li>\n<li class=\"menu-item menu-item-type-post_type menu-item-object-page menu-item-83\"><a href=\"https:\/\/udruga-umirovljenika-delnice.hr\/index.php\/o-nama\/\" class=\"wpr-menu-item wpr-pointer-item\"><span>O NAMA<\/span><\/a><\/li>\n<\/ul><\/nav><nav class=\"wpr-mobile-nav-menu-container\"><div class=\"wpr-mobile-toggle-wrap\"><div class=\"wpr-mobile-toggle\"><span class=\"wpr-mobile-toggle-line\"><\/span><span class=\"wpr-mobile-toggle-line\"><\/span><span class=\"wpr-mobile-toggle-line\"><\/span><\/div><\/div><div class=\"wpr-mobile-mega-menu-wrap \" toggle-backface=\"\"><ul id=\"mobile-menu-2-e249fc8\" class=\"wpr-mobile-nav-menu wpr-mobile-mega-menu\"><li class=\"menu-item menu-item-type-post_type menu-item-object-page menu-item-home menu-item-88\"><a href=\"https:\/\/udruga-umirovljenika-delnice.hr\/\" class=\"wpr-mobile-menu-item\">PO\u010cETNA<\/a><\/li>\n<li class=\"menu-item menu-item-type-post_type menu-item-object-page menu-item-87\"><a href=\"https:\/\/udruga-umirovljenika-delnice.hr\/index.php\/novosti\/\" class=\"wpr-mobile-menu-item\">NOVOSTI\/DOGA\u0110ANJA<\/a><\/li>\n<li class=\"menu-item menu-item-type-post_type menu-item-object-page menu-item-1050\"><a href=\"https:\/\/udruga-umirovljenika-delnice.hr\/index.php\/nase-teme\/\" class=\"wpr-mobile-menu-item\">RADIONICE<\/a><\/li>\n<li class=\"menu-item menu-item-type-post_type menu-item-object-page menu-item-1145\"><a href=\"https:\/\/udruga-umirovljenika-delnice.hr\/index.php\/rekreacija\/\" class=\"wpr-mobile-menu-item\">REKREACIJA<\/a><\/li>\n<li class=\"menu-item menu-item-type-post_type menu-item-object-page menu-item-86\"><a href=\"https:\/\/udruga-umirovljenika-delnice.hr\/index.php\/zdrav-zivot\/\" class=\"wpr-mobile-menu-item\">ZDRAV \u017dIVOT<\/a><\/li>\n<li class=\"menu-item menu-item-type-post_type menu-item-object-page menu-item-1245\"><a href=\"https:\/\/udruga-umirovljenika-delnice.hr\/index.php\/nase-teme-2\/\" class=\"wpr-mobile-menu-item\">NA\u0160E TEME<\/a><\/li>\n<li class=\"menu-item menu-item-type-post_type menu-item-object-page menu-item-1074\"><a href=\"https:\/\/udruga-umirovljenika-delnice.hr\/index.php\/nase-radionice-cloned-58\/\" class=\"wpr-mobile-menu-item\">ZBOR<\/a><\/li>\n<li class=\"menu-item menu-item-type-post_type menu-item-object-page menu-item-562\"><a href=\"https:\/\/udruga-umirovljenika-delnice.hr\/index.php\/foto-albumi\/\" class=\"wpr-mobile-menu-item\">FOTO<\/a><\/li>\n<li class=\"menu-item menu-item-type-post_type menu-item-object-page menu-item-554\"><a href=\"https:\/\/udruga-umirovljenika-delnice.hr\/index.php\/linkovi\/\" class=\"wpr-mobile-menu-item\">LINKOVI<\/a><\/li>\n<li class=\"menu-item menu-item-type-post_type menu-item-object-page menu-item-83\"><a href=\"https:\/\/udruga-umirovljenika-delnice.hr\/index.php\/o-nama\/\" class=\"wpr-mobile-menu-item\">O NAMA<\/a><\/li>\n<\/ul><\/div><\/nav>\t\t\t\t<\/div>\n\t\t\t\t\t<\/div>\n\t\t\t\t<\/div>\n\t\t<div class=\"has_eae_slider elementor-element elementor-element-59bc4fa e-flex e-con-boxed wpr-particle-no wpr-jarallax-no wpr-parallax-no wpr-sticky-section-no wpr-equal-height-no e-con e-parent\" data-eae-slider=\"22774\" data-id=\"59bc4fa\" data-element_type=\"container\" data-e-type=\"container\" data-settings=\"{&quot;background_background&quot;:&quot;classic&quot;,&quot;_ha_eqh_enable&quot;:false}\">\n\t\t\t\t\t<div class=\"e-con-inner\">\n\t\t\t\t<div class=\"elementor-element elementor-element-e82ce99 animated-fast exad-sticky-section-no exad-glass-effect-no elementor-invisible elementor-widget elementor-widget-heading\" data-id=\"e82ce99\" data-element_type=\"widget\" data-e-type=\"widget\" data-settings=\"{&quot;_animation&quot;:&quot;fadeIn&quot;}\" data-widget_type=\"heading.default\">\n\t\t\t\t\t<h2 class=\"elementor-heading-title elementor-size-default\">rekreacija...<\/h2>\t\t\t\t<\/div>\n\t\t\t\t<div class=\"elementor-element elementor-element-fdb65c9 exad-sticky-section-no exad-glass-effect-no elementor-widget elementor-widget-spacer\" data-id=\"fdb65c9\" data-element_type=\"widget\" data-e-type=\"widget\" data-widget_type=\"spacer.default\">\n\t\t\t\t\t\t\t<div class=\"elementor-spacer\">\n\t\t\t<div class=\"elementor-spacer-inner\"><\/div>\n\t\t<\/div>\n\t\t\t\t\t\t<\/div>\n\t\t\t\t\t<\/div>\n\t\t\t\t<\/div>\n\t\t<div class=\"has_eae_slider elementor-element elementor-element-2a72347 e-flex e-con-boxed wpr-particle-no wpr-jarallax-no wpr-parallax-no wpr-sticky-section-no wpr-equal-height-no e-con e-parent\" data-eae-slider=\"20137\" data-id=\"2a72347\" data-element_type=\"container\" data-e-type=\"container\" data-settings=\"{&quot;_ha_eqh_enable&quot;:false}\">\n\t\t\t\t\t<div class=\"e-con-inner\">\n\t\t<div class=\"has_eae_slider elementor-element elementor-element-84ecf2d e-con-full e-flex wpr-particle-no wpr-jarallax-no wpr-parallax-no wpr-sticky-section-no wpr-equal-height-no e-con e-child\" data-eae-slider=\"76440\" data-id=\"84ecf2d\" data-element_type=\"container\" data-e-type=\"container\" data-settings=\"{&quot;_ha_eqh_enable&quot;:false}\">\n\t\t\t\t<div class=\"elementor-element elementor-element-5246e06 exad-sticky-section-no exad-glass-effect-no elementor-widget elementor-widget-heading\" data-id=\"5246e06\" data-element_type=\"widget\" data-e-type=\"widget\" data-widget_type=\"heading.default\">\n\t\t\t\t\t<h2 class=\"elementor-heading-title elementor-size-default\">VA\u017dNE INFORMACIJE<\/h2>\t\t\t\t<\/div>\n\t\t\t\t<div class=\"elementor-element elementor-element-feb91ec exad-sticky-section-no exad-glass-effect-no ha-has-bg-overlay elementor-widget elementor-widget-text-editor\" data-id=\"feb91ec\" data-element_type=\"widget\" data-e-type=\"widget\" data-widget_type=\"text-editor.default\">\n\t\t\t\t\t\t\t\t\t<h4><strong>REKREACIJSKO VJE\u017dBANJE<\/strong><\/h4><p>Pridru\u017eite nam se<\/p><p><em><strong>SVAKI \u010cETVRTAK<\/strong><strong> u 09. 30 sati u prostorijama Udruge<\/strong><\/em><\/p>\t\t\t\t\t\t\t\t<\/div>\n\t\t\t\t<div class=\"elementor-element elementor-element-ce2875b exad-sticky-section-no exad-glass-effect-no ha-has-bg-overlay elementor-widget elementor-widget-text-editor\" data-id=\"ce2875b\" data-element_type=\"widget\" data-e-type=\"widget\" data-widget_type=\"text-editor.default\">\n\t\t\t\t\t\t\t\t\t<h4><strong>NORDIJSKO HODANJE<\/strong><\/h4><p>Pridru\u017eite nam se<\/p><p><em><strong>UTORKOM I PETKOM u 15. 00 sati<\/strong><\/em>.<\/p><p>U slu\u010daju lo\u0161eg vremena ( ki\u0161a ) hodanje se odga\u0111a.<\/p>\t\t\t\t\t\t\t\t<\/div>\n\t\t\t\t<\/div>\n\t\t<div class=\"has_eae_slider elementor-element elementor-element-ed8d2c2 e-con-full e-flex wpr-particle-no wpr-jarallax-no wpr-parallax-no wpr-sticky-section-no wpr-equal-height-no e-con e-child\" data-eae-slider=\"3367\" data-id=\"ed8d2c2\" data-element_type=\"container\" data-e-type=\"container\" data-settings=\"{&quot;_ha_eqh_enable&quot;:false}\">\n\t\t\t\t<div class=\"elementor-element elementor-element-f2b47be elementor-grid-eael-col-3 elementor-grid-tablet-eael-col-2 elementor-grid-mobile-eael-col-1 exad-sticky-section-no exad-glass-effect-no elementor-widget elementor-widget-eael-post-grid\" data-id=\"f2b47be\" data-element_type=\"widget\" data-e-type=\"widget\" data-settings=\"{&quot;eael_post_grid_columns&quot;:&quot;eael-col-3&quot;,&quot;eael_post_grid_columns_tablet&quot;:&quot;eael-col-2&quot;,&quot;eael_post_grid_columns_mobile&quot;:&quot;eael-col-1&quot;}\" data-widget_type=\"eael-post-grid.default\">\n\t\t\t\t\t<div id=\"eael-post-grid-f2b47be\" class=\"eael-post-grid-container\">\n            <div class=\"eael-post-grid eael-post-appender eael-post-appender-f2b47be eael-post-grid-style-one\" data-layout-mode=\"grid\"><article class=\"eael-grid-post  eael-post-grid-column eael-pg-post-1510 category-rekreacija\" data-id=\"1510\">\n        <div class=\"eael-grid-post-holder\">\n            <div class=\"eael-grid-post-holder-inner\"><div class=\"eael-entry-media\"><div class=\"eael-entry-overlay fade-in\"><i class=\"\" aria-hidden=\"true\"><\/i><a href=\"https:\/\/udruga-umirovljenika-delnice.hr\/index.php\/2025\/11\/13\/13-studeni-rekreacija-cetvrtkom\/\"><\/a><\/div><div class=\"eael-entry-thumbnail \">\n                <img fetchpriority=\"high\" decoding=\"async\" width=\"768\" height=\"432\" src=\"https:\/\/udruga-umirovljenika-delnice.hr\/wp-content\/uploads\/2025\/11\/viber_slika_2025-11-13_15-10-35-748-768x432.jpg\" class=\"attachment-medium_large size-medium_large wp-image-1514\" alt=\"\" srcset=\"https:\/\/udruga-umirovljenika-delnice.hr\/wp-content\/uploads\/2025\/11\/viber_slika_2025-11-13_15-10-35-748-768x432.jpg 768w, https:\/\/udruga-umirovljenika-delnice.hr\/wp-content\/uploads\/2025\/11\/viber_slika_2025-11-13_15-10-35-748-300x169.jpg 300w, https:\/\/udruga-umirovljenika-delnice.hr\/wp-content\/uploads\/2025\/11\/viber_slika_2025-11-13_15-10-35-748-1024x576.jpg 1024w, https:\/\/udruga-umirovljenika-delnice.hr\/wp-content\/uploads\/2025\/11\/viber_slika_2025-11-13_15-10-35-748-1536x864.jpg 1536w, https:\/\/udruga-umirovljenika-delnice.hr\/wp-content\/uploads\/2025\/11\/viber_slika_2025-11-13_15-10-35-748.jpg 1600w\" sizes=\"(max-width: 768px) 100vw, 768px\" \/>\n            <\/div>\n        <\/div><div class=\"eael-entry-wrapper\"><header class=\"eael-entry-header\"><h1 class=\"eael-entry-title\"><a class=\"eael-grid-post-link\" href=\"https:\/\/udruga-umirovljenika-delnice.hr\/index.php\/2025\/11\/13\/13-studeni-rekreacija-cetvrtkom\/\" title=\"13.STUDENI &#8211; REKREACIJA \u010cETVRTKOM\">13.STUDENI &#8211; REKREACIJA \u010cETVRTKOM<\/a><\/h1><\/header><div class=\"eael-entry-content\">\n                        <div class=\"eael-grid-post-excerpt\"><a href=\"https:\/\/udruga-umirovljenika-delnice.hr\/index.php\/2025\/11\/13\/13-studeni-rekreacija-cetvrtkom\/\" class=\"eael-post-elements-readmore-btn\">Pro\u010ditajte i pogledajte vi\u0161e...<\/a><\/div>\n                    <\/div><\/div><\/div>\n        <\/div>\n    <\/article><article class=\"eael-grid-post  eael-post-grid-column eael-pg-post-1146 category-rekreacija\" data-id=\"1146\">\n        <div class=\"eael-grid-post-holder\">\n            <div class=\"eael-grid-post-holder-inner\"><div class=\"eael-entry-media\"><div class=\"eael-entry-overlay fade-in\"><i class=\"\" aria-hidden=\"true\"><\/i><a href=\"https:\/\/udruga-umirovljenika-delnice.hr\/index.php\/2025\/11\/07\/6-11-prije-podne-vjezbe-a-popodne-nordijsko-hodanje\/\"><\/a><\/div><div class=\"eael-entry-thumbnail \">\n                <img decoding=\"async\" width=\"768\" height=\"432\" src=\"https:\/\/udruga-umirovljenika-delnice.hr\/wp-content\/uploads\/2025\/11\/REKREATIVNE-AKTIVNOSTI-20251106_06-2-768x432.jpg\" class=\"attachment-medium_large size-medium_large wp-image-1150\" alt=\"\" srcset=\"https:\/\/udruga-umirovljenika-delnice.hr\/wp-content\/uploads\/2025\/11\/REKREATIVNE-AKTIVNOSTI-20251106_06-2-768x432.jpg 768w, https:\/\/udruga-umirovljenika-delnice.hr\/wp-content\/uploads\/2025\/11\/REKREATIVNE-AKTIVNOSTI-20251106_06-2-300x169.jpg 300w, https:\/\/udruga-umirovljenika-delnice.hr\/wp-content\/uploads\/2025\/11\/REKREATIVNE-AKTIVNOSTI-20251106_06-2.jpg 960w\" sizes=\"(max-width: 768px) 100vw, 768px\" \/>\n            <\/div>\n        <\/div><div class=\"eael-entry-wrapper\"><header class=\"eael-entry-header\"><h1 class=\"eael-entry-title\"><a class=\"eael-grid-post-link\" href=\"https:\/\/udruga-umirovljenika-delnice.hr\/index.php\/2025\/11\/07\/6-11-prije-podne-vjezbe-a-popodne-nordijsko-hodanje\/\" title=\"6.11.- PRIJE PODNE VJE\u017dBE A POPODNE NORDIJSKO HODANJE\">6.11.- PRIJE PODNE VJE\u017dBE A POPODNE NORDIJSKO HODANJE<\/a><\/h1><\/header><div class=\"eael-entry-content\">\n                        <div class=\"eael-grid-post-excerpt\"><a href=\"https:\/\/udruga-umirovljenika-delnice.hr\/index.php\/2025\/11\/07\/6-11-prije-podne-vjezbe-a-popodne-nordijsko-hodanje\/\" class=\"eael-post-elements-readmore-btn\">Pro\u010ditajte i pogledajte vi\u0161e...<\/a><\/div>\n                    <\/div><\/div><\/div>\n        <\/div>\n    <\/article><article class=\"eael-grid-post  eael-post-grid-column eael-pg-post-1111 category-rekreacija\" data-id=\"1111\">\n        <div class=\"eael-grid-post-holder\">\n            <div class=\"eael-grid-post-holder-inner\"><div class=\"eael-entry-media\"><div class=\"eael-entry-overlay fade-in\"><i class=\"\" aria-hidden=\"true\"><\/i><a href=\"https:\/\/udruga-umirovljenika-delnice.hr\/index.php\/2025\/11\/06\/rekreativne-aktivnosti-clanova-udruge\/\"><\/a><\/div><div class=\"eael-entry-thumbnail \">\n                <img decoding=\"async\" width=\"768\" height=\"432\" src=\"https:\/\/udruga-umirovljenika-delnice.hr\/wp-content\/uploads\/2025\/11\/REKREATIVNE-AKTIVNOSTI-20251106_04-768x432.jpg\" class=\"attachment-medium_large size-medium_large wp-image-1115\" alt=\"\" srcset=\"https:\/\/udruga-umirovljenika-delnice.hr\/wp-content\/uploads\/2025\/11\/REKREATIVNE-AKTIVNOSTI-20251106_04-768x432.jpg 768w, https:\/\/udruga-umirovljenika-delnice.hr\/wp-content\/uploads\/2025\/11\/REKREATIVNE-AKTIVNOSTI-20251106_04-300x169.jpg 300w, https:\/\/udruga-umirovljenika-delnice.hr\/wp-content\/uploads\/2025\/11\/REKREATIVNE-AKTIVNOSTI-20251106_04-1024x576.jpg 1024w, https:\/\/udruga-umirovljenika-delnice.hr\/wp-content\/uploads\/2025\/11\/REKREATIVNE-AKTIVNOSTI-20251106_04.jpg 1200w\" sizes=\"(max-width: 768px) 100vw, 768px\" \/>\n            <\/div>\n        <\/div><div class=\"eael-entry-wrapper\"><header class=\"eael-entry-header\"><h1 class=\"eael-entry-title\"><a class=\"eael-grid-post-link\" href=\"https:\/\/udruga-umirovljenika-delnice.hr\/index.php\/2025\/11\/06\/rekreativne-aktivnosti-clanova-udruge\/\" title=\"6. 11. 2025. REKREACIJA UJUTRO\">6. 11. 2025. REKREACIJA UJUTRO<\/a><\/h1><\/header><div class=\"eael-entry-content\">\n                        <div class=\"eael-grid-post-excerpt\"><a href=\"https:\/\/udruga-umirovljenika-delnice.hr\/index.php\/2025\/11\/06\/rekreativne-aktivnosti-clanova-udruge\/\" class=\"eael-post-elements-readmore-btn\">Pro\u010ditajte i pogledajte vi\u0161e...<\/a><\/div>\n                    <\/div><\/div><\/div>\n        <\/div>\n    <\/article><\/div>\n            <div class=\"clearfix\"><\/div>\n        <\/div>\t\t\t\t<\/div>\n\t\t\t\t<\/div>\n\t\t\t\t\t<\/div>\n\t\t\t\t<\/div>\n\t\t<div class=\"has_eae_slider elementor-element elementor-element-7516529 e-flex e-con-boxed wpr-particle-no wpr-jarallax-no wpr-parallax-no wpr-sticky-section-no wpr-equal-height-no e-con e-parent\" data-eae-slider=\"86455\" data-id=\"7516529\" data-element_type=\"container\" data-e-type=\"container\" data-settings=\"{&quot;_ha_eqh_enable&quot;:false}\">\n\t\t\t\t\t<div class=\"e-con-inner\">\n\t\t\t\t\t<\/div>\n\t\t\t\t<\/div>\n\t\t\t\t<\/div>\n\t\t","protected":false},"excerpt":{"rendered":"<p>PO\u010cETNA NOVOSTI\/DOGA\u0110ANJA RADIONICE REKREACIJA ZDRAV \u017dIVOT ZBOR FOTO LINKOVI O NAMA PO\u010cETNA NOVOSTI\/DOGA\u0110ANJA RADIONICE REKREACIJA ZDRAV \u017dIVOT ZBOR FOTO LINKOVI O NAMA rekreacija&#8230; VA\u017dNE INFORMACIJE REKREACIJSKO VJE\u017dBANJE Pridru\u017eite nam se SVAKI \u010cETVRTAK u 09. 30 sati u prostorijama Udruge NORDIJSKO HODANJE Pridru\u017eite nam se UTORKOM I PETKOM u 15. 00 sati. U slu\u010daju lo\u0161eg vremena ( ki\u0161a ) hodanje se odga\u0111a. 6.11.- PRIJE PODNE VJE\u017dBE A POPODNE NORDIJSKO HODANJE Pro\u010ditajte i pogledajte vi\u0161e&#8230; 6. 11. 2025. REKREACIJA UJUTRO Pro\u010ditajte i pogledajte vi\u0161e&#8230;<\/p>\n","protected":false},"author":1,"featured_media":0,"parent":0,"menu_order":0,"comment_status":"closed","ping_status":"closed","template":"elementor_canvas","meta":{"footnotes":""},"class_list":["post-1140","page","type-page","status-publish","hentry"],"_links":{"self":[{"href":"https:\/\/udruga-umirovljenika-delnice.hr\/index.php\/wp-json\/wp\/v2\/pages\/1140","targetHints":{"allow":["GET"]}}],"collection":[{"href":"https:\/\/udruga-umirovljenika-delnice.hr\/index.php\/wp-json\/wp\/v2\/pages"}],"about":[{"href":"https:\/\/udruga-umirovljenika-delnice.hr\/index.php\/wp-json\/wp\/v2\/types\/page"}],"author":[{"embeddable":true,"href":"https:\/\/udruga-umirovljenika-delnice.hr\/index.php\/wp-json\/wp\/v2\/users\/1"}],"replies":[{"embeddable":true,"href":"https:\/\/udruga-umirovljenika-delnice.hr\/index.php\/wp-json\/wp\/v2\/comments?post=1140"}],"version-history":[{"count":18,"href":"https:\/\/udruga-umirovljenika-delnice.hr\/index.php\/wp-json\/wp\/v2\/pages\/1140\/revisions"}],"predecessor-version":[{"id":1180,"href":"https:\/\/udruga-umirovljenika-delnice.hr\/index.php\/wp-json\/wp\/v2\/pages\/1140\/revisions\/1180"}],"wp:attachment":[{"href":"https:\/\/udruga-umirovljenika-delnice.hr\/index.php\/wp-json\/wp\/v2\/media?parent=1140"}],"curies":[{"name":"wp","href":"https:\/\/api.w.org\/{rel}","templated":true}]}}