{"id":1055,"date":"2025-11-04T13:10:20","date_gmt":"2025-11-04T13:10:20","guid":{"rendered":"https:\/\/udruga-umirovljenika-delnice.hr\/?page_id=1055"},"modified":"2025-11-04T13:22:45","modified_gmt":"2025-11-04T13:22:45","slug":"nase-radionice-cloned-58","status":"publish","type":"page","link":"https:\/\/udruga-umirovljenika-delnice.hr\/index.php\/nase-radionice-cloned-58\/","title":{"rendered":"NA\u0160 ZBOR"},"content":{"rendered":"\t\t<div data-elementor-type=\"wp-page\" data-elementor-id=\"1055\" class=\"elementor elementor-1055\" data-elementor-settings=\"{&quot;ha_cmc_init_switcher&quot;:&quot;no&quot;}\">\n\t\t\t\t<div class=\"has_eae_slider elementor-element elementor-element-59bc4fa e-flex e-con-boxed wpr-particle-no wpr-jarallax-no wpr-parallax-no wpr-sticky-section-no wpr-equal-height-no e-con e-parent\" data-eae-slider=\"82429\" data-id=\"59bc4fa\" data-element_type=\"container\" data-e-type=\"container\" data-settings=\"{&quot;background_background&quot;:&quot;classic&quot;,&quot;_ha_eqh_enable&quot;:false}\">\n\t\t\t\t\t<div class=\"e-con-inner\">\n\t\t\t\t<div class=\"elementor-element elementor-element-e82ce99 animated-fast exad-sticky-section-no exad-glass-effect-no elementor-invisible elementor-widget elementor-widget-heading\" data-id=\"e82ce99\" data-element_type=\"widget\" data-e-type=\"widget\" data-settings=\"{&quot;_animation&quot;:&quot;fadeIn&quot;}\" data-widget_type=\"heading.default\">\n\t\t\t\t\t<h2 class=\"elementor-heading-title elementor-size-default\">aktivnosti na\u0161eg zbora...<\/h2>\t\t\t\t<\/div>\n\t\t\t\t<div class=\"elementor-element elementor-element-fdb65c9 exad-sticky-section-no exad-glass-effect-no elementor-widget elementor-widget-spacer\" data-id=\"fdb65c9\" data-element_type=\"widget\" data-e-type=\"widget\" data-widget_type=\"spacer.default\">\n\t\t\t\t\t\t\t<div class=\"elementor-spacer\">\n\t\t\t<div class=\"elementor-spacer-inner\"><\/div>\n\t\t<\/div>\n\t\t\t\t\t\t<\/div>\n\t\t\t\t\t<\/div>\n\t\t\t\t<\/div>\n\t\t<div class=\"has_eae_slider elementor-element elementor-element-7516529 e-flex e-con-boxed wpr-particle-no wpr-jarallax-no wpr-parallax-no wpr-sticky-section-no wpr-equal-height-no e-con e-parent\" data-eae-slider=\"5273\" data-id=\"7516529\" data-element_type=\"container\" data-e-type=\"container\" data-settings=\"{&quot;_ha_eqh_enable&quot;:false}\">\n\t\t\t\t\t<div class=\"e-con-inner\">\n\t\t\t\t<div class=\"elementor-element elementor-element-f2b47be elementor-grid-eael-col-3 elementor-grid-tablet-eael-col-2 elementor-grid-mobile-eael-col-1 exad-sticky-section-no exad-glass-effect-no elementor-widget elementor-widget-eael-post-grid\" data-id=\"f2b47be\" data-element_type=\"widget\" data-e-type=\"widget\" data-settings=\"{&quot;eael_post_grid_columns&quot;:&quot;eael-col-3&quot;,&quot;eael_post_grid_columns_tablet&quot;:&quot;eael-col-2&quot;,&quot;eael_post_grid_columns_mobile&quot;:&quot;eael-col-1&quot;}\" data-widget_type=\"eael-post-grid.default\">\n\t\t\t\t\t<div id=\"eael-post-grid-f2b47be\" class=\"eael-post-grid-container\">\n            <div class=\"eael-post-grid eael-post-appender eael-post-appender-f2b47be eael-post-grid-style-one\" data-layout-mode=\"grid\"><article class=\"eael-grid-post  eael-post-grid-column eael-pg-post-1922 category-najave-i-novosti-zbor\" data-id=\"1922\">\n        <div class=\"eael-grid-post-holder\">\n            <div class=\"eael-grid-post-holder-inner\"><div class=\"eael-entry-media\"><div class=\"eael-entry-overlay fade-in\"><i class=\"\" aria-hidden=\"true\"><\/i><a href=\"https:\/\/udruga-umirovljenika-delnice.hr\/index.php\/2026\/03\/26\/proslava-blagdana-sv-josipa\/\"><\/a><\/div><div class=\"eael-entry-thumbnail \">\n                <img fetchpriority=\"high\" decoding=\"async\" width=\"768\" height=\"432\" src=\"https:\/\/udruga-umirovljenika-delnice.hr\/wp-content\/uploads\/2026\/03\/ISTAKNUTA-768x432.webp\" class=\"attachment-medium_large size-medium_large wp-image-1926\" alt=\"\" srcset=\"https:\/\/udruga-umirovljenika-delnice.hr\/wp-content\/uploads\/2026\/03\/ISTAKNUTA-768x432.webp 768w, https:\/\/udruga-umirovljenika-delnice.hr\/wp-content\/uploads\/2026\/03\/ISTAKNUTA-300x169.webp 300w, https:\/\/udruga-umirovljenika-delnice.hr\/wp-content\/uploads\/2026\/03\/ISTAKNUTA-1024x576.webp 1024w, https:\/\/udruga-umirovljenika-delnice.hr\/wp-content\/uploads\/2026\/03\/ISTAKNUTA-1536x864.webp 1536w, https:\/\/udruga-umirovljenika-delnice.hr\/wp-content\/uploads\/2026\/03\/ISTAKNUTA.webp 1600w\" sizes=\"(max-width: 768px) 100vw, 768px\" \/>\n            <\/div>\n        <\/div><div class=\"eael-entry-wrapper\"><header class=\"eael-entry-header\"><h1 class=\"eael-entry-title\"><a class=\"eael-grid-post-link\" href=\"https:\/\/udruga-umirovljenika-delnice.hr\/index.php\/2026\/03\/26\/proslava-blagdana-sv-josipa\/\" title=\"PROSLAVA BLAGDANA SV. JOSIPA\">PROSLAVA BLAGDANA SV. JOSIPA<\/a><\/h1><\/header><div class=\"eael-entry-content\">\n                        <div class=\"eael-grid-post-excerpt\"><a href=\"https:\/\/udruga-umirovljenika-delnice.hr\/index.php\/2026\/03\/26\/proslava-blagdana-sv-josipa\/\" class=\"eael-post-elements-readmore-btn\">Pro\u010ditajte i pogledajte vi\u0161e...<\/a><\/div>\n                    <\/div><\/div><\/div>\n        <\/div>\n    <\/article><article class=\"eael-grid-post  eael-post-grid-column eael-pg-post-1739 category-najave-i-novosti-zbor\" data-id=\"1739\">\n        <div class=\"eael-grid-post-holder\">\n            <div class=\"eael-grid-post-holder-inner\"><div class=\"eael-entry-media\"><div class=\"eael-entry-overlay fade-in\"><i class=\"\" aria-hidden=\"true\"><\/i><a href=\"https:\/\/udruga-umirovljenika-delnice.hr\/index.php\/2026\/02\/13\/proslava-rodendana-u-zboru-umirovljenika\/\"><\/a><\/div><div class=\"eael-entry-thumbnail \">\n                <img decoding=\"async\" width=\"768\" height=\"432\" src=\"https:\/\/udruga-umirovljenika-delnice.hr\/wp-content\/uploads\/2026\/02\/ZBOR-UMIROVLJENIKA-RODENDANI-U-VLJECI-061-768x432.jpg\" class=\"attachment-medium_large size-medium_large wp-image-1755\" alt=\"\" srcset=\"https:\/\/udruga-umirovljenika-delnice.hr\/wp-content\/uploads\/2026\/02\/ZBOR-UMIROVLJENIKA-RODENDANI-U-VLJECI-061-768x432.jpg 768w, https:\/\/udruga-umirovljenika-delnice.hr\/wp-content\/uploads\/2026\/02\/ZBOR-UMIROVLJENIKA-RODENDANI-U-VLJECI-061-300x169.jpg 300w, https:\/\/udruga-umirovljenika-delnice.hr\/wp-content\/uploads\/2026\/02\/ZBOR-UMIROVLJENIKA-RODENDANI-U-VLJECI-061-1024x576.jpg 1024w, https:\/\/udruga-umirovljenika-delnice.hr\/wp-content\/uploads\/2026\/02\/ZBOR-UMIROVLJENIKA-RODENDANI-U-VLJECI-061-1536x864.jpg 1536w, https:\/\/udruga-umirovljenika-delnice.hr\/wp-content\/uploads\/2026\/02\/ZBOR-UMIROVLJENIKA-RODENDANI-U-VLJECI-061-2048x1152.jpg 2048w\" sizes=\"(max-width: 768px) 100vw, 768px\" \/>\n            <\/div>\n        <\/div><div class=\"eael-entry-wrapper\"><header class=\"eael-entry-header\"><h1 class=\"eael-entry-title\"><a class=\"eael-grid-post-link\" href=\"https:\/\/udruga-umirovljenika-delnice.hr\/index.php\/2026\/02\/13\/proslava-rodendana-u-zboru-umirovljenika\/\" title=\"PROSLAVA RO\u0110ENDANA U ZBORU UMIROVLJENIKA\">PROSLAVA RO\u0110ENDANA U ZBORU UMIROVLJENIKA<\/a><\/h1><\/header><div class=\"eael-entry-content\">\n                        <div class=\"eael-grid-post-excerpt\"><a href=\"https:\/\/udruga-umirovljenika-delnice.hr\/index.php\/2026\/02\/13\/proslava-rodendana-u-zboru-umirovljenika\/\" class=\"eael-post-elements-readmore-btn\">Pro\u010ditajte i pogledajte vi\u0161e...<\/a><\/div>\n                    <\/div><\/div><\/div>\n        <\/div>\n    <\/article><article class=\"eael-grid-post  eael-post-grid-column eael-pg-post-1722 category-najave-i-novosti-zbor\" data-id=\"1722\">\n        <div class=\"eael-grid-post-holder\">\n            <div class=\"eael-grid-post-holder-inner\"><div class=\"eael-entry-media\"><div class=\"eael-entry-overlay fade-in\"><i class=\"\" aria-hidden=\"true\"><\/i><a href=\"https:\/\/udruga-umirovljenika-delnice.hr\/index.php\/2026\/01\/30\/clanice-naseg-zbora-proslavile-su-rodendan\/\"><\/a><\/div><div class=\"eael-entry-thumbnail \">\n                <img decoding=\"async\" width=\"768\" height=\"432\" src=\"https:\/\/udruga-umirovljenika-delnice.hr\/wp-content\/uploads\/2026\/01\/ISTAKNUTA-RODENDANI-768x432.jpg\" class=\"attachment-medium_large size-medium_large wp-image-1726\" alt=\"\" srcset=\"https:\/\/udruga-umirovljenika-delnice.hr\/wp-content\/uploads\/2026\/01\/ISTAKNUTA-RODENDANI-768x432.jpg 768w, https:\/\/udruga-umirovljenika-delnice.hr\/wp-content\/uploads\/2026\/01\/ISTAKNUTA-RODENDANI-300x169.jpg 300w, https:\/\/udruga-umirovljenika-delnice.hr\/wp-content\/uploads\/2026\/01\/ISTAKNUTA-RODENDANI-1024x577.jpg 1024w, https:\/\/udruga-umirovljenika-delnice.hr\/wp-content\/uploads\/2026\/01\/ISTAKNUTA-RODENDANI-1536x865.jpg 1536w, https:\/\/udruga-umirovljenika-delnice.hr\/wp-content\/uploads\/2026\/01\/ISTAKNUTA-RODENDANI.jpg 1840w\" sizes=\"(max-width: 768px) 100vw, 768px\" \/>\n            <\/div>\n        <\/div><div class=\"eael-entry-wrapper\"><header class=\"eael-entry-header\"><h1 class=\"eael-entry-title\"><a class=\"eael-grid-post-link\" href=\"https:\/\/udruga-umirovljenika-delnice.hr\/index.php\/2026\/01\/30\/clanice-naseg-zbora-proslavile-su-rodendan\/\" title=\"\u010cLANICE NA\u0160EG ZBORA PROSLAVILE SU RO\u0110ENDAN\">\u010cLANICE NA\u0160EG ZBORA PROSLAVILE SU RO\u0110ENDAN<\/a><\/h1><\/header><div class=\"eael-entry-content\">\n                        <div class=\"eael-grid-post-excerpt\"><a href=\"https:\/\/udruga-umirovljenika-delnice.hr\/index.php\/2026\/01\/30\/clanice-naseg-zbora-proslavile-su-rodendan\/\" class=\"eael-post-elements-readmore-btn\">Pro\u010ditajte i pogledajte vi\u0161e...<\/a><\/div>\n                    <\/div><\/div><\/div>\n        <\/div>\n    <\/article><article class=\"eael-grid-post  eael-post-grid-column eael-pg-post-1692 category-najave-i-novosti-zbor\" data-id=\"1692\">\n        <div class=\"eael-grid-post-holder\">\n            <div class=\"eael-grid-post-holder-inner\"><div class=\"eael-entry-media\"><div class=\"eael-entry-overlay fade-in\"><i class=\"\" aria-hidden=\"true\"><\/i><a href=\"https:\/\/udruga-umirovljenika-delnice.hr\/index.php\/2025\/12\/29\/koncert-bozic-je-judi-u-delnicama\/\"><\/a><\/div><div class=\"eael-entry-thumbnail \">\n                <img loading=\"lazy\" decoding=\"async\" width=\"768\" height=\"433\" src=\"https:\/\/udruga-umirovljenika-delnice.hr\/wp-content\/uploads\/2025\/12\/Bozic-je-judi-768x433.jpg\" class=\"attachment-medium_large size-medium_large wp-image-1696\" alt=\"\" srcset=\"https:\/\/udruga-umirovljenika-delnice.hr\/wp-content\/uploads\/2025\/12\/Bozic-je-judi-768x433.jpg 768w, https:\/\/udruga-umirovljenika-delnice.hr\/wp-content\/uploads\/2025\/12\/Bozic-je-judi-300x169.jpg 300w, https:\/\/udruga-umirovljenika-delnice.hr\/wp-content\/uploads\/2025\/12\/Bozic-je-judi-1024x577.jpg 1024w, https:\/\/udruga-umirovljenika-delnice.hr\/wp-content\/uploads\/2025\/12\/Bozic-je-judi-1536x865.jpg 1536w, https:\/\/udruga-umirovljenika-delnice.hr\/wp-content\/uploads\/2025\/12\/Bozic-je-judi.jpg 1800w\" sizes=\"(max-width: 768px) 100vw, 768px\" \/>\n            <\/div>\n        <\/div><div class=\"eael-entry-wrapper\"><header class=\"eael-entry-header\"><h1 class=\"eael-entry-title\"><a class=\"eael-grid-post-link\" href=\"https:\/\/udruga-umirovljenika-delnice.hr\/index.php\/2025\/12\/29\/koncert-bozic-je-judi-u-delnicama\/\" title=\"Koncert \u201cBo\u017ei\u0107 je judi\u201d u Delnicama\">Koncert \u201cBo\u017ei\u0107 je judi\u201d u Delnicama<\/a><\/h1><\/header><div class=\"eael-entry-content\">\n                        <div class=\"eael-grid-post-excerpt\"><a href=\"https:\/\/udruga-umirovljenika-delnice.hr\/index.php\/2025\/12\/29\/koncert-bozic-je-judi-u-delnicama\/\" class=\"eael-post-elements-readmore-btn\">Pro\u010ditajte i pogledajte vi\u0161e...<\/a><\/div>\n                    <\/div><\/div><\/div>\n        <\/div>\n    <\/article><article class=\"eael-grid-post  eael-post-grid-column eael-pg-post-1667 category-najave-i-novosti-zbor\" data-id=\"1667\">\n        <div class=\"eael-grid-post-holder\">\n            <div class=\"eael-grid-post-holder-inner\"><div class=\"eael-entry-media\"><div class=\"eael-entry-overlay fade-in\"><i class=\"\" aria-hidden=\"true\"><\/i><a href=\"https:\/\/udruga-umirovljenika-delnice.hr\/index.php\/2025\/12\/28\/na-bozicno-novogodisnjem-koncertu-u-brod-moravicama\/\"><\/a><\/div><div class=\"eael-entry-thumbnail \">\n                <img loading=\"lazy\" decoding=\"async\" width=\"768\" height=\"432\" src=\"https:\/\/udruga-umirovljenika-delnice.hr\/wp-content\/uploads\/2025\/12\/BN-KONCERT-B-MORAVICE-26-12-2025-768x432.jpg\" class=\"attachment-medium_large size-medium_large wp-image-1671\" alt=\"\" srcset=\"https:\/\/udruga-umirovljenika-delnice.hr\/wp-content\/uploads\/2025\/12\/BN-KONCERT-B-MORAVICE-26-12-2025-768x432.jpg 768w, https:\/\/udruga-umirovljenika-delnice.hr\/wp-content\/uploads\/2025\/12\/BN-KONCERT-B-MORAVICE-26-12-2025-300x169.jpg 300w, https:\/\/udruga-umirovljenika-delnice.hr\/wp-content\/uploads\/2025\/12\/BN-KONCERT-B-MORAVICE-26-12-2025-1024x576.jpg 1024w, https:\/\/udruga-umirovljenika-delnice.hr\/wp-content\/uploads\/2025\/12\/BN-KONCERT-B-MORAVICE-26-12-2025-1536x864.jpg 1536w, https:\/\/udruga-umirovljenika-delnice.hr\/wp-content\/uploads\/2025\/12\/BN-KONCERT-B-MORAVICE-26-12-2025.jpg 1800w\" sizes=\"(max-width: 768px) 100vw, 768px\" \/>\n            <\/div>\n        <\/div><div class=\"eael-entry-wrapper\"><header class=\"eael-entry-header\"><h1 class=\"eael-entry-title\"><a class=\"eael-grid-post-link\" href=\"https:\/\/udruga-umirovljenika-delnice.hr\/index.php\/2025\/12\/28\/na-bozicno-novogodisnjem-koncertu-u-brod-moravicama\/\" title=\"NA BO\u017dI\u0106NO-NOVOGODI\u0160NJEM KONCERTU U BROD MORAVICAMA\">NA BO\u017dI\u0106NO-NOVOGODI\u0160NJEM KONCERTU U BROD MORAVICAMA<\/a><\/h1><\/header><div class=\"eael-entry-content\">\n                        <div class=\"eael-grid-post-excerpt\"><a href=\"https:\/\/udruga-umirovljenika-delnice.hr\/index.php\/2025\/12\/28\/na-bozicno-novogodisnjem-koncertu-u-brod-moravicama\/\" class=\"eael-post-elements-readmore-btn\">Pro\u010ditajte i pogledajte vi\u0161e...<\/a><\/div>\n                    <\/div><\/div><\/div>\n        <\/div>\n    <\/article><article class=\"eael-grid-post  eael-post-grid-column eael-pg-post-1594 category-najave-i-novosti-zbor\" data-id=\"1594\">\n        <div class=\"eael-grid-post-holder\">\n            <div class=\"eael-grid-post-holder-inner\"><div class=\"eael-entry-media\"><div class=\"eael-entry-overlay fade-in\"><i class=\"\" aria-hidden=\"true\"><\/i><a href=\"https:\/\/udruga-umirovljenika-delnice.hr\/index.php\/2025\/12\/07\/nastup-zbora-udruge-umirovljenika-na-delnickoj-adventskoj-bajci\/\"><\/a><\/div><div class=\"eael-entry-thumbnail \">\n                <img loading=\"lazy\" decoding=\"async\" width=\"768\" height=\"384\" src=\"https:\/\/udruga-umirovljenika-delnice.hr\/wp-content\/uploads\/2025\/12\/viber_slika_2025-12-07_14-30-14-699-768x384.jpg\" class=\"attachment-medium_large size-medium_large wp-image-1600\" alt=\"\" srcset=\"https:\/\/udruga-umirovljenika-delnice.hr\/wp-content\/uploads\/2025\/12\/viber_slika_2025-12-07_14-30-14-699-768x384.jpg 768w, https:\/\/udruga-umirovljenika-delnice.hr\/wp-content\/uploads\/2025\/12\/viber_slika_2025-12-07_14-30-14-699-300x150.jpg 300w, https:\/\/udruga-umirovljenika-delnice.hr\/wp-content\/uploads\/2025\/12\/viber_slika_2025-12-07_14-30-14-699-1024x512.jpg 1024w, https:\/\/udruga-umirovljenika-delnice.hr\/wp-content\/uploads\/2025\/12\/viber_slika_2025-12-07_14-30-14-699.jpg 1444w\" sizes=\"(max-width: 768px) 100vw, 768px\" \/>\n            <\/div>\n        <\/div><div class=\"eael-entry-wrapper\"><header class=\"eael-entry-header\"><h1 class=\"eael-entry-title\"><a class=\"eael-grid-post-link\" href=\"https:\/\/udruga-umirovljenika-delnice.hr\/index.php\/2025\/12\/07\/nastup-zbora-udruge-umirovljenika-na-delnickoj-adventskoj-bajci\/\" title=\"NASTUP ZBORA UDRUGE UMIROVLJENIKA NA DELNI\u010cKOJ ADVENTSKOJ BAJCI\">NASTUP ZBORA UDRUGE UMIROVLJENIKA NA DELNI\u010cKOJ ADVENTSKOJ BAJCI<\/a><\/h1><\/header><div class=\"eael-entry-content\">\n                        <div class=\"eael-grid-post-excerpt\"><a href=\"https:\/\/udruga-umirovljenika-delnice.hr\/index.php\/2025\/12\/07\/nastup-zbora-udruge-umirovljenika-na-delnickoj-adventskoj-bajci\/\" class=\"eael-post-elements-readmore-btn\">Pro\u010ditajte i pogledajte vi\u0161e...<\/a><\/div>\n                    <\/div><\/div><\/div>\n        <\/div>\n    <\/article><article class=\"eael-grid-post  eael-post-grid-column eael-pg-post-1572 category-najave-i-novosti-zbor\" data-id=\"1572\">\n        <div class=\"eael-grid-post-holder\">\n            <div class=\"eael-grid-post-holder-inner\"><div class=\"eael-entry-media\"><div class=\"eael-entry-overlay fade-in\"><i class=\"\" aria-hidden=\"true\"><\/i><a href=\"https:\/\/udruga-umirovljenika-delnice.hr\/index.php\/2025\/11\/27\/proslava-rodendana-u-udruzi-umirovljenika-grada-delnica\/\"><\/a><\/div><div class=\"eael-entry-thumbnail \">\n                <img loading=\"lazy\" decoding=\"async\" width=\"768\" height=\"432\" src=\"https:\/\/udruga-umirovljenika-delnice.hr\/wp-content\/uploads\/2025\/11\/Proslava-rodendana-studeni-25-3-768x432.jpg\" class=\"attachment-medium_large size-medium_large wp-image-1576\" alt=\"\" srcset=\"https:\/\/udruga-umirovljenika-delnice.hr\/wp-content\/uploads\/2025\/11\/Proslava-rodendana-studeni-25-3-768x432.jpg 768w, https:\/\/udruga-umirovljenika-delnice.hr\/wp-content\/uploads\/2025\/11\/Proslava-rodendana-studeni-25-3-300x169.jpg 300w, https:\/\/udruga-umirovljenika-delnice.hr\/wp-content\/uploads\/2025\/11\/Proslava-rodendana-studeni-25-3-1024x576.jpg 1024w, https:\/\/udruga-umirovljenika-delnice.hr\/wp-content\/uploads\/2025\/11\/Proslava-rodendana-studeni-25-3-1536x864.jpg 1536w, https:\/\/udruga-umirovljenika-delnice.hr\/wp-content\/uploads\/2025\/11\/Proslava-rodendana-studeni-25-3.jpg 1800w\" sizes=\"(max-width: 768px) 100vw, 768px\" \/>\n            <\/div>\n        <\/div><div class=\"eael-entry-wrapper\"><header class=\"eael-entry-header\"><h1 class=\"eael-entry-title\"><a class=\"eael-grid-post-link\" href=\"https:\/\/udruga-umirovljenika-delnice.hr\/index.php\/2025\/11\/27\/proslava-rodendana-u-udruzi-umirovljenika-grada-delnica\/\" title=\"PROSLAVA RO\u0110ENDANA U UDRUZI UMIROVLJENIKA GRADA DELNICA\">PROSLAVA RO\u0110ENDANA U UDRUZI UMIROVLJENIKA GRADA DELNICA<\/a><\/h1><\/header><div class=\"eael-entry-content\">\n                        <div class=\"eael-grid-post-excerpt\"><a href=\"https:\/\/udruga-umirovljenika-delnice.hr\/index.php\/2025\/11\/27\/proslava-rodendana-u-udruzi-umirovljenika-grada-delnica\/\" class=\"eael-post-elements-readmore-btn\">Pro\u010ditajte i pogledajte vi\u0161e...<\/a><\/div>\n                    <\/div><\/div><\/div>\n        <\/div>\n    <\/article><article class=\"eael-grid-post  eael-post-grid-column eael-pg-post-652 category-zbor\" data-id=\"652\">\n        <div class=\"eael-grid-post-holder\">\n            <div class=\"eael-grid-post-holder-inner\"><div class=\"eael-entry-media\"><div class=\"eael-entry-overlay fade-in\"><i class=\"\" aria-hidden=\"true\"><\/i><a href=\"https:\/\/udruga-umirovljenika-delnice.hr\/index.php\/2025\/10\/29\/zbor-udruge-na-svecanom-obiljezavanju-34-obljetnice-138-br-hv-goranski-risovi\/\"><\/a><\/div><div class=\"eael-entry-thumbnail \">\n                <img loading=\"lazy\" decoding=\"async\" width=\"768\" height=\"432\" src=\"https:\/\/udruga-umirovljenika-delnice.hr\/wp-content\/uploads\/2025\/10\/ZBOR-UUGD-NA-34.GODISNJICI-138.br-HV-4-768x432.jpg\" class=\"attachment-medium_large size-medium_large wp-image-653\" alt=\"\" srcset=\"https:\/\/udruga-umirovljenika-delnice.hr\/wp-content\/uploads\/2025\/10\/ZBOR-UUGD-NA-34.GODISNJICI-138.br-HV-4-768x432.jpg 768w, https:\/\/udruga-umirovljenika-delnice.hr\/wp-content\/uploads\/2025\/10\/ZBOR-UUGD-NA-34.GODISNJICI-138.br-HV-4-300x169.jpg 300w, https:\/\/udruga-umirovljenika-delnice.hr\/wp-content\/uploads\/2025\/10\/ZBOR-UUGD-NA-34.GODISNJICI-138.br-HV-4-1024x576.jpg 1024w, https:\/\/udruga-umirovljenika-delnice.hr\/wp-content\/uploads\/2025\/10\/ZBOR-UUGD-NA-34.GODISNJICI-138.br-HV-4.jpg 1366w\" sizes=\"(max-width: 768px) 100vw, 768px\" \/>\n            <\/div>\n        <\/div><div class=\"eael-entry-wrapper\"><header class=\"eael-entry-header\"><h1 class=\"eael-entry-title\"><a class=\"eael-grid-post-link\" href=\"https:\/\/udruga-umirovljenika-delnice.hr\/index.php\/2025\/10\/29\/zbor-udruge-na-svecanom-obiljezavanju-34-obljetnice-138-br-hv-goranski-risovi\/\" title=\"ZBOR UDRUGE NA SVE\u010cANOM OBILJE\u017dAVANJU 34.OBLJETNICE 138.br HV GORANSKI RISOVI\">ZBOR UDRUGE NA SVE\u010cANOM OBILJE\u017dAVANJU 34.OBLJETNICE 138.br HV GORANSKI RISOVI<\/a><\/h1><\/header><div class=\"eael-entry-content\">\n                        <div class=\"eael-grid-post-excerpt\"><a href=\"https:\/\/udruga-umirovljenika-delnice.hr\/index.php\/2025\/10\/29\/zbor-udruge-na-svecanom-obiljezavanju-34-obljetnice-138-br-hv-goranski-risovi\/\" class=\"eael-post-elements-readmore-btn\">Pro\u010ditajte i pogledajte vi\u0161e...<\/a><\/div>\n                    <\/div><\/div><\/div>\n        <\/div>\n    <\/article><\/div>\n            <div class=\"clearfix\"><\/div>\n        <\/div>\t\t\t\t<\/div>\n\t\t\t\t\t<\/div>\n\t\t\t\t<\/div>\n\t\t\t\t<\/div>\n\t\t","protected":false},"excerpt":{"rendered":"<p>aktivnosti na\u0161eg zbora&#8230; ZBOR UDRUGE NA SVE\u010cANOM OBILJE\u017dAVANJU 34.OBLJETNICE 138.br HV GORANSKI RISOVI Pro\u010ditajte i pogledajte vi\u0161e&#8230;<\/p>\n","protected":false},"author":1,"featured_media":0,"parent":0,"menu_order":0,"comment_status":"closed","ping_status":"closed","template":"elementor_header_footer","meta":{"footnotes":""},"class_list":["post-1055","page","type-page","status-publish","hentry"],"_links":{"self":[{"href":"https:\/\/udruga-umirovljenika-delnice.hr\/index.php\/wp-json\/wp\/v2\/pages\/1055","targetHints":{"allow":["GET"]}}],"collection":[{"href":"https:\/\/udruga-umirovljenika-delnice.hr\/index.php\/wp-json\/wp\/v2\/pages"}],"about":[{"href":"https:\/\/udruga-umirovljenika-delnice.hr\/index.php\/wp-json\/wp\/v2\/types\/page"}],"author":[{"embeddable":true,"href":"https:\/\/udruga-umirovljenika-delnice.hr\/index.php\/wp-json\/wp\/v2\/users\/1"}],"replies":[{"embeddable":true,"href":"https:\/\/udruga-umirovljenika-delnice.hr\/index.php\/wp-json\/wp\/v2\/comments?post=1055"}],"version-history":[{"count":15,"href":"https:\/\/udruga-umirovljenika-delnice.hr\/index.php\/wp-json\/wp\/v2\/pages\/1055\/revisions"}],"predecessor-version":[{"id":1073,"href":"https:\/\/udruga-umirovljenika-delnice.hr\/index.php\/wp-json\/wp\/v2\/pages\/1055\/revisions\/1073"}],"wp:attachment":[{"href":"https:\/\/udruga-umirovljenika-delnice.hr\/index.php\/wp-json\/wp\/v2\/media?parent=1055"}],"curies":[{"name":"wp","href":"https:\/\/api.w.org\/{rel}","templated":true}]}}