{"id":10,"date":"2025-10-23T13:30:37","date_gmt":"2025-10-23T13:30:37","guid":{"rendered":"https:\/\/udruga-umirovljenika-delnice.hr\/?page_id=10"},"modified":"2026-03-29T10:55:05","modified_gmt":"2026-03-29T10:55:05","slug":"pocetna","status":"publish","type":"page","link":"https:\/\/udruga-umirovljenika-delnice.hr\/","title":{"rendered":"PO\u010cETNA"},"content":{"rendered":"\t\t<div data-elementor-type=\"wp-page\" data-elementor-id=\"10\" class=\"elementor elementor-10\" data-elementor-settings=\"{&quot;ha_cmc_init_switcher&quot;:&quot;no&quot;}\">\n\t\t\t\t<div class=\"has_eae_slider elementor-element elementor-element-4e15c90 e-flex e-con-boxed wpr-particle-no wpr-jarallax-no wpr-parallax-no wpr-sticky-section-no wpr-equal-height-no e-con e-parent\" data-eae-slider=\"45843\" data-id=\"4e15c90\" data-element_type=\"container\" data-e-type=\"container\" data-settings=\"{&quot;_ha_eqh_enable&quot;:false}\">\n\t\t\t\t\t<div class=\"e-con-inner\">\n\t\t\t\t<div class=\"elementor-element elementor-element-7ffece9 wpr-main-menu-align-center wpr-main-menu-align--tabletleft wpr-main-menu-align--mobileleft wpr-pointer-underline wpr-pointer-line-fx wpr-pointer-fx-fade wpr-sub-icon-caret-down wpr-sub-menu-fx-fade wpr-nav-menu-bp-tablet wpr-mobile-menu-display-dropdown wpr-mobile-menu-full-width wpr-mobile-toggle-v1 wpr-sub-divider-yes wpr-mobile-divider-yes exad-sticky-section-no exad-glass-effect-no elementor-widget elementor-widget-wpr-mega-menu\" data-id=\"7ffece9\" data-element_type=\"widget\" data-e-type=\"widget\" data-settings=\"{&quot;menu_layout&quot;:&quot;horizontal&quot;}\" data-widget_type=\"wpr-mega-menu.default\">\n\t\t\t\t\t<nav class=\"wpr-nav-menu-container wpr-mega-menu-container wpr-nav-menu-horizontal\" data-trigger=\"hover\"><ul id=\"menu-1-7ffece9\" class=\"wpr-nav-menu wpr-mega-menu\"><li class=\"menu-item menu-item-type-post_type menu-item-object-page menu-item-home menu-item-88\"><a href=\"https:\/\/udruga-umirovljenika-delnice.hr\/\" class=\"wpr-menu-item wpr-pointer-item\"><span>PO\u010cETNA<\/span><\/a><\/li>\n<li class=\"menu-item menu-item-type-post_type menu-item-object-page menu-item-87\"><a href=\"https:\/\/udruga-umirovljenika-delnice.hr\/index.php\/novosti\/\" class=\"wpr-menu-item wpr-pointer-item\"><span>NOVOSTI\/DOGA\u0110ANJA<\/span><\/a><\/li>\n<li class=\"menu-item menu-item-type-post_type menu-item-object-page menu-item-1050\"><a href=\"https:\/\/udruga-umirovljenika-delnice.hr\/index.php\/nase-teme\/\" class=\"wpr-menu-item wpr-pointer-item\"><span>RADIONICE<\/span><\/a><\/li>\n<li class=\"menu-item menu-item-type-post_type menu-item-object-page menu-item-1145\"><a href=\"https:\/\/udruga-umirovljenika-delnice.hr\/index.php\/rekreacija\/\" class=\"wpr-menu-item wpr-pointer-item\"><span>REKREACIJA<\/span><\/a><\/li>\n<li class=\"menu-item menu-item-type-post_type menu-item-object-page menu-item-86\"><a href=\"https:\/\/udruga-umirovljenika-delnice.hr\/index.php\/zdrav-zivot\/\" class=\"wpr-menu-item wpr-pointer-item\"><span>ZDRAV \u017dIVOT<\/span><\/a><\/li>\n<li class=\"menu-item menu-item-type-post_type menu-item-object-page menu-item-1245\"><a href=\"https:\/\/udruga-umirovljenika-delnice.hr\/index.php\/nase-teme-2\/\" class=\"wpr-menu-item wpr-pointer-item\"><span>NA\u0160E TEME<\/span><\/a><\/li>\n<li class=\"menu-item menu-item-type-post_type menu-item-object-page menu-item-1074\"><a href=\"https:\/\/udruga-umirovljenika-delnice.hr\/index.php\/nase-radionice-cloned-58\/\" class=\"wpr-menu-item wpr-pointer-item\"><span>ZBOR<\/span><\/a><\/li>\n<li class=\"menu-item menu-item-type-post_type menu-item-object-page menu-item-562\"><a href=\"https:\/\/udruga-umirovljenika-delnice.hr\/index.php\/foto-albumi\/\" class=\"wpr-menu-item wpr-pointer-item\"><span>FOTO<\/span><\/a><\/li>\n<li class=\"menu-item menu-item-type-post_type menu-item-object-page menu-item-554\"><a href=\"https:\/\/udruga-umirovljenika-delnice.hr\/index.php\/linkovi\/\" class=\"wpr-menu-item wpr-pointer-item\"><span>LINKOVI<\/span><\/a><\/li>\n<li class=\"menu-item menu-item-type-post_type menu-item-object-page menu-item-83\"><a href=\"https:\/\/udruga-umirovljenika-delnice.hr\/index.php\/o-nama\/\" class=\"wpr-menu-item wpr-pointer-item\"><span>O NAMA<\/span><\/a><\/li>\n<\/ul><\/nav><nav class=\"wpr-mobile-nav-menu-container\"><div class=\"wpr-mobile-toggle-wrap\"><div class=\"wpr-mobile-toggle\"><span class=\"wpr-mobile-toggle-line\"><\/span><span class=\"wpr-mobile-toggle-line\"><\/span><span class=\"wpr-mobile-toggle-line\"><\/span><\/div><\/div><div class=\"wpr-mobile-mega-menu-wrap \" toggle-backface=\"\"><ul id=\"mobile-menu-2-7ffece9\" class=\"wpr-mobile-nav-menu wpr-mobile-mega-menu\"><li class=\"menu-item menu-item-type-post_type menu-item-object-page menu-item-home menu-item-88\"><a href=\"https:\/\/udruga-umirovljenika-delnice.hr\/\" class=\"wpr-mobile-menu-item\">PO\u010cETNA<\/a><\/li>\n<li class=\"menu-item menu-item-type-post_type menu-item-object-page menu-item-87\"><a href=\"https:\/\/udruga-umirovljenika-delnice.hr\/index.php\/novosti\/\" class=\"wpr-mobile-menu-item\">NOVOSTI\/DOGA\u0110ANJA<\/a><\/li>\n<li class=\"menu-item menu-item-type-post_type menu-item-object-page menu-item-1050\"><a href=\"https:\/\/udruga-umirovljenika-delnice.hr\/index.php\/nase-teme\/\" class=\"wpr-mobile-menu-item\">RADIONICE<\/a><\/li>\n<li class=\"menu-item menu-item-type-post_type menu-item-object-page menu-item-1145\"><a href=\"https:\/\/udruga-umirovljenika-delnice.hr\/index.php\/rekreacija\/\" class=\"wpr-mobile-menu-item\">REKREACIJA<\/a><\/li>\n<li class=\"menu-item menu-item-type-post_type menu-item-object-page menu-item-86\"><a href=\"https:\/\/udruga-umirovljenika-delnice.hr\/index.php\/zdrav-zivot\/\" class=\"wpr-mobile-menu-item\">ZDRAV \u017dIVOT<\/a><\/li>\n<li class=\"menu-item menu-item-type-post_type menu-item-object-page menu-item-1245\"><a href=\"https:\/\/udruga-umirovljenika-delnice.hr\/index.php\/nase-teme-2\/\" class=\"wpr-mobile-menu-item\">NA\u0160E TEME<\/a><\/li>\n<li class=\"menu-item menu-item-type-post_type menu-item-object-page menu-item-1074\"><a href=\"https:\/\/udruga-umirovljenika-delnice.hr\/index.php\/nase-radionice-cloned-58\/\" class=\"wpr-mobile-menu-item\">ZBOR<\/a><\/li>\n<li class=\"menu-item menu-item-type-post_type menu-item-object-page menu-item-562\"><a href=\"https:\/\/udruga-umirovljenika-delnice.hr\/index.php\/foto-albumi\/\" class=\"wpr-mobile-menu-item\">FOTO<\/a><\/li>\n<li class=\"menu-item menu-item-type-post_type menu-item-object-page menu-item-554\"><a href=\"https:\/\/udruga-umirovljenika-delnice.hr\/index.php\/linkovi\/\" class=\"wpr-mobile-menu-item\">LINKOVI<\/a><\/li>\n<li class=\"menu-item menu-item-type-post_type menu-item-object-page menu-item-83\"><a href=\"https:\/\/udruga-umirovljenika-delnice.hr\/index.php\/o-nama\/\" class=\"wpr-mobile-menu-item\">O NAMA<\/a><\/li>\n<\/ul><\/div><\/nav>\t\t\t\t<\/div>\n\t\t\t\t\t<\/div>\n\t\t\t\t<\/div>\n\t\t<div class=\"has_eae_slider elementor-element elementor-element-a63b205 e-flex e-con-boxed wpr-particle-no wpr-jarallax-no wpr-parallax-no wpr-sticky-section-no wpr-equal-height-no e-con e-parent\" data-eae-slider=\"35772\" data-id=\"a63b205\" data-element_type=\"container\" data-e-type=\"container\" data-settings=\"{&quot;background_background&quot;:&quot;classic&quot;,&quot;_ha_eqh_enable&quot;:false}\">\n\t\t\t\t\t<div class=\"e-con-inner\">\n\t\t<div class=\"has_eae_slider elementor-element elementor-element-3601747 e-con-full e-flex wpr-particle-no wpr-jarallax-no wpr-parallax-no wpr-sticky-section-no wpr-equal-height-no e-con e-child\" data-eae-slider=\"24894\" data-id=\"3601747\" data-element_type=\"container\" data-e-type=\"container\" data-settings=\"{&quot;_ha_eqh_enable&quot;:false}\">\n\t\t\t\t<div class=\"elementor-element elementor-element-b81ee84 exad-sticky-section-no exad-glass-effect-no elementor-widget elementor-widget-spacer\" data-id=\"b81ee84\" data-element_type=\"widget\" data-e-type=\"widget\" data-widget_type=\"spacer.default\">\n\t\t\t\t\t\t\t<div class=\"elementor-spacer\">\n\t\t\t<div class=\"elementor-spacer-inner\"><\/div>\n\t\t<\/div>\n\t\t\t\t\t\t<\/div>\n\t\t\t\t<div class=\"elementor-element elementor-element-8625b0b exad-sticky-section-no exad-glass-effect-no elementor-widget elementor-widget-heading\" data-id=\"8625b0b\" data-element_type=\"widget\" data-e-type=\"widget\" data-widget_type=\"heading.default\">\n\t\t\t\t\t<h2 class=\"elementor-heading-title elementor-size-default\">UDRUGA UMIROVLJENIKA<br> GRADA DELNICA<\/h2>\t\t\t\t<\/div>\n\t\t\t\t<div class=\"elementor-element elementor-element-03eb8cb exad-sticky-section-no exad-glass-effect-no elementor-widget elementor-widget-image\" data-id=\"03eb8cb\" data-element_type=\"widget\" data-e-type=\"widget\" data-widget_type=\"image.default\">\n\t\t\t\t\t\t\t\t\t\t\t\t\t\t\t<img fetchpriority=\"high\" decoding=\"async\" width=\"274\" height=\"300\" src=\"https:\/\/udruga-umirovljenika-delnice.hr\/wp-content\/uploads\/2026\/03\/1-DESNI-274x300.webp\" class=\"attachment-medium size-medium wp-image-1962\" alt=\"\" srcset=\"https:\/\/udruga-umirovljenika-delnice.hr\/wp-content\/uploads\/2026\/03\/1-DESNI-274x300.webp 274w, https:\/\/udruga-umirovljenika-delnice.hr\/wp-content\/uploads\/2026\/03\/1-DESNI.webp 512w\" sizes=\"(max-width: 274px) 100vw, 274px\" \/>\t\t\t\t\t\t\t\t\t\t\t\t\t\t\t<\/div>\n\t\t<div class=\"has_eae_slider elementor-element elementor-element-0a027ae e-con-full e-flex wpr-particle-no wpr-jarallax-no wpr-parallax-no wpr-sticky-section-no wpr-equal-height-no e-con e-child\" data-eae-slider=\"16904\" data-id=\"0a027ae\" data-element_type=\"container\" data-e-type=\"container\" data-settings=\"{&quot;_ha_eqh_enable&quot;:false}\">\n\t\t<div data-ha-element-link=\"{&quot;url&quot;:&quot;https:\\\/\\\/www.facebook.com\\\/UdruzenjeUmirovljenikaDelnice&quot;,&quot;is_external&quot;:&quot;on&quot;,&quot;nofollow&quot;:&quot;&quot;}\" style=\"cursor: pointer\" class=\"has_eae_slider elementor-element elementor-element-9010d7d e-con-full e-flex wpr-particle-no wpr-jarallax-no wpr-parallax-no wpr-sticky-section-no wpr-equal-height-no e-con e-child\" data-eae-slider=\"46791\" data-id=\"9010d7d\" data-element_type=\"container\" data-e-type=\"container\" data-settings=\"{&quot;_ha_eqh_enable&quot;:false}\">\n\t\t\t\t<div class=\"elementor-element elementor-element-b0804bf elementor-shape-square elementor-grid-0 e-grid-align-center exad-sticky-section-no exad-glass-effect-no elementor-widget elementor-widget-social-icons\" data-id=\"b0804bf\" data-element_type=\"widget\" data-e-type=\"widget\" data-widget_type=\"social-icons.default\">\n\t\t\t\t\t\t\t<div class=\"elementor-social-icons-wrapper elementor-grid\">\n\t\t\t\t\t\t\t<span class=\"elementor-grid-item\">\n\t\t\t\t\t<a class=\"elementor-icon elementor-social-icon elementor-social-icon-facebook elementor-repeater-item-f814e2e\" href=\"https:\/\/www.facebook.com\/UdruzenjeUmirovljenikaDelnice\" target=\"_blank\">\n\t\t\t\t\t\t<span class=\"elementor-screen-only\">Facebook<\/span>\n\t\t\t\t\t\t<svg aria-hidden=\"true\" class=\"e-font-icon-svg e-fab-facebook\" viewBox=\"0 0 512 512\" xmlns=\"http:\/\/www.w3.org\/2000\/svg\"><path d=\"M504 256C504 119 393 8 256 8S8 119 8 256c0 123.78 90.69 226.38 209.25 245V327.69h-63V256h63v-54.64c0-62.15 37-96.48 93.67-96.48 27.14 0 55.52 4.84 55.52 4.84v61h-31.28c-30.8 0-40.41 19.12-40.41 38.73V256h68.78l-11 71.69h-57.78V501C413.31 482.38 504 379.78 504 256z\"><\/path><\/svg>\t\t\t\t\t<\/a>\n\t\t\t\t<\/span>\n\t\t\t\t\t<\/div>\n\t\t\t\t\t\t<\/div>\n\t\t\t\t<div class=\"elementor-element elementor-element-4c41507 exad-sticky-section-no exad-glass-effect-no elementor-widget elementor-widget-text-editor\" data-id=\"4c41507\" data-element_type=\"widget\" data-e-type=\"widget\" data-widget_type=\"text-editor.default\">\n\t\t\t\t\t\t\t\t\t<p>Pratite nas na na\u0161em FB profilu<\/p>\t\t\t\t\t\t\t\t<\/div>\n\t\t\t\t<\/div>\n\t\t<div class=\"has_eae_slider elementor-element elementor-element-8a53b7a e-con-full e-flex wpr-particle-no wpr-jarallax-no wpr-parallax-no wpr-sticky-section-no wpr-equal-height-no e-con e-child\" data-eae-slider=\"90207\" data-id=\"8a53b7a\" data-element_type=\"container\" data-e-type=\"container\" data-settings=\"{&quot;_ha_eqh_enable&quot;:false}\">\n\t\t\t\t<\/div>\n\t\t<div data-ha-element-link=\"{&quot;url&quot;:&quot;https:\\\/\\\/udruga-umirovljenika-delnice.hr\\\/index.php\\\/rekreacija\\\/&quot;,&quot;is_external&quot;:&quot;&quot;,&quot;nofollow&quot;:&quot;&quot;}\" style=\"cursor: pointer\" class=\"has_eae_slider elementor-element elementor-element-99777f5 e-con-full e-flex wpr-particle-no wpr-jarallax-no wpr-parallax-no wpr-sticky-section-no wpr-equal-height-no e-con e-child\" data-eae-slider=\"83681\" data-id=\"99777f5\" data-element_type=\"container\" data-e-type=\"container\" data-settings=\"{&quot;_ha_eqh_enable&quot;:false}\">\n\t\t<a class=\"eael-wrapper-link-c3eb2ec --eael-wrapper-link-tag\" href=\"https:\/\/udruga-umirovljenika-delnice.hr\/index.php\/rekreacija\/\"><\/a>\t\t<div data-eael-wrapper-link=\"eael-wrapper-link-c3eb2ec\" class=\"elementor-element elementor-element-c3eb2ec exad-sticky-section-no exad-glass-effect-no ha-has-bg-overlay elementor-invisible elementor-widget elementor-widget-text-editor\" data-id=\"c3eb2ec\" data-element_type=\"widget\" data-e-type=\"widget\" data-settings=\"{&quot;_animation&quot;:&quot;fadeIn&quot;}\" data-widget_type=\"text-editor.default\">\n\t\t\t\t\t\t\t\t\t<h4><strong>REKR. VJE\u017dBANJE<\/strong><\/h4><p>\u010detvrtak &#8211; 09,30<\/p>\t\t\t\t\t\t\t\t<\/div>\n\t\t\t\t<\/div>\n\t\t<div data-ha-element-link=\"{&quot;url&quot;:&quot;https:\\\/\\\/udruga-umirovljenika-delnice.hr\\\/index.php\\\/rekreacija\\\/&quot;,&quot;is_external&quot;:&quot;&quot;,&quot;nofollow&quot;:&quot;&quot;}\" style=\"cursor: pointer\" class=\"has_eae_slider elementor-element elementor-element-614fee8 e-con-full e-flex wpr-particle-no wpr-jarallax-no wpr-parallax-no wpr-sticky-section-no wpr-equal-height-no e-con e-child\" data-eae-slider=\"41446\" data-id=\"614fee8\" data-element_type=\"container\" data-e-type=\"container\" data-settings=\"{&quot;_ha_eqh_enable&quot;:false}\">\n\t\t\t\t<div class=\"elementor-element elementor-element-07305cf exad-sticky-section-no exad-glass-effect-no ha-has-bg-overlay elementor-invisible elementor-widget elementor-widget-text-editor\" data-id=\"07305cf\" data-element_type=\"widget\" data-e-type=\"widget\" data-settings=\"{&quot;_animation&quot;:&quot;fadeIn&quot;}\" data-widget_type=\"text-editor.default\">\n\t\t\t\t\t\t\t\t\t<h4><strong>NORD. HODANJE<\/strong><\/h4><p>utorak, petak &#8211; 15,00<\/p>\t\t\t\t\t\t\t\t<\/div>\n\t\t\t\t<\/div>\n\t\t\t\t<\/div>\n\t\t\t\t<\/div>\n\t\t\t\t\t<\/div>\n\t\t\t\t<\/div>\n\t\t\t\t<\/div>\n\t\t","protected":false},"excerpt":{"rendered":"<p>PO\u010cETNA NOVOSTI\/DOGA\u0110ANJA RADIONICE REKREACIJA ZDRAV \u017dIVOT NA\u0160E TEME ZBOR FOTO LINKOVI O NAMA PO\u010cETNA NOVOSTI\/DOGA\u0110ANJA RADIONICE REKREACIJA ZDRAV \u017dIVOT NA\u0160E TEME ZBOR FOTO LINKOVI O NAMA UDRUGA UMIROVLJENIKA GRADA DELNICA Facebook Pratite nas na na\u0161em FB profilu REKR. VJE\u017dBANJE \u010detvrtak &#8211; 09,30 NORD. HODANJE utorak, petak &#8211; 15,00<\/p>\n","protected":false},"author":1,"featured_media":0,"parent":0,"menu_order":0,"comment_status":"closed","ping_status":"closed","template":"elementor_canvas","meta":{"footnotes":""},"class_list":["post-10","page","type-page","status-publish","hentry"],"_links":{"self":[{"href":"https:\/\/udruga-umirovljenika-delnice.hr\/index.php\/wp-json\/wp\/v2\/pages\/10","targetHints":{"allow":["GET"]}}],"collection":[{"href":"https:\/\/udruga-umirovljenika-delnice.hr\/index.php\/wp-json\/wp\/v2\/pages"}],"about":[{"href":"https:\/\/udruga-umirovljenika-delnice.hr\/index.php\/wp-json\/wp\/v2\/types\/page"}],"author":[{"embeddable":true,"href":"https:\/\/udruga-umirovljenika-delnice.hr\/index.php\/wp-json\/wp\/v2\/users\/1"}],"replies":[{"embeddable":true,"href":"https:\/\/udruga-umirovljenika-delnice.hr\/index.php\/wp-json\/wp\/v2\/comments?post=10"}],"version-history":[{"count":148,"href":"https:\/\/udruga-umirovljenika-delnice.hr\/index.php\/wp-json\/wp\/v2\/pages\/10\/revisions"}],"predecessor-version":[{"id":1965,"href":"https:\/\/udruga-umirovljenika-delnice.hr\/index.php\/wp-json\/wp\/v2\/pages\/10\/revisions\/1965"}],"wp:attachment":[{"href":"https:\/\/udruga-umirovljenika-delnice.hr\/index.php\/wp-json\/wp\/v2\/media?parent=10"}],"curies":[{"name":"wp","href":"https:\/\/api.w.org\/{rel}","templated":true}]}}